{"id":3116,"date":"2025-06-23T13:16:17","date_gmt":"2025-06-23T11:16:17","guid":{"rendered":"https:\/\/www.faschmidt.de\/contact\/"},"modified":"2025-10-20T10:15:54","modified_gmt":"2025-10-20T08:15:54","slug":"contact","status":"publish","type":"page","link":"https:\/\/www.faschmidt.de\/de\/contact\/","title":{"rendered":"Contact"},"content":{"rendered":"\t\t<div data-elementor-type=\"wp-page\" data-elementor-id=\"3116\" class=\"elementor elementor-3116 elementor-872\" data-elementor-post-type=\"page\">\n\t\t\t\t<div class=\"elementor-element elementor-element-606b96a e-con-full e-flex e-con e-parent\" data-id=\"606b96a\" data-element_type=\"container\" data-e-type=\"container\" data-settings=\"{&quot;background_background&quot;:&quot;slideshow&quot;,&quot;background_slideshow_gallery&quot;:[{&quot;id&quot;:1897,&quot;url&quot;:&quot;https:\\\/\\\/www.faschmidt.de\\\/wp-content\\\/uploads\\\/2025\\\/08\\\/Talk-to-us-1.jpg&quot;},{&quot;id&quot;:1898,&quot;url&quot;:&quot;https:\\\/\\\/www.faschmidt.de\\\/wp-content\\\/uploads\\\/2025\\\/08\\\/Talk-to-us-2.jpg&quot;},{&quot;id&quot;:1899,&quot;url&quot;:&quot;https:\\\/\\\/www.faschmidt.de\\\/wp-content\\\/uploads\\\/2025\\\/08\\\/Talk-to-us-3.jpg&quot;}],&quot;background_slideshow_ken_burns&quot;:&quot;yes&quot;,&quot;background_slideshow_transition_duration&quot;:2000,&quot;jet_parallax_layout_list&quot;:[],&quot;background_slideshow_loop&quot;:&quot;yes&quot;,&quot;background_slideshow_slide_duration&quot;:5000,&quot;background_slideshow_slide_transition&quot;:&quot;fade&quot;,&quot;background_slideshow_ken_burns_zoom_direction&quot;:&quot;in&quot;}\">\n\t\t\t\t<div class=\"elementor-element elementor-element-8020cc0 elementor-widget elementor-widget-spacer\" data-id=\"8020cc0\" data-element_type=\"widget\" data-e-type=\"widget\" data-widget_type=\"spacer.default\">\n\t\t\t\t<div class=\"elementor-widget-container\">\n\t\t\t\t\t\t\t<div class=\"elementor-spacer\">\n\t\t\t<div class=\"elementor-spacer-inner\"><\/div>\n\t\t<\/div>\n\t\t\t\t\t\t<\/div>\n\t\t\t\t<\/div>\n\t\t\t\t<\/div>\n\t\t<div class=\"elementor-element elementor-element-25c8087 e-flex e-con-boxed e-con e-parent\" data-id=\"25c8087\" data-element_type=\"container\" data-e-type=\"container\" data-settings=\"{&quot;jet_parallax_layout_list&quot;:[]}\">\n\t\t\t\t\t<div class=\"e-con-inner\">\n\t\t<div class=\"elementor-element elementor-element-a1b8f60 e-con-full e-flex e-con e-child\" data-id=\"a1b8f60\" data-element_type=\"container\" data-e-type=\"container\" data-settings=\"{&quot;jet_parallax_layout_list&quot;:[]}\">\n\t\t\t\t<div class=\"elementor-element elementor-element-997a770 elementor-widget elementor-widget-heading\" data-id=\"997a770\" data-element_type=\"widget\" data-e-type=\"widget\" data-widget_type=\"heading.default\">\n\t\t\t\t<div class=\"elementor-widget-container\">\n\t\t\t\t\t<h2 class=\"elementor-heading-title elementor-size-default\">Contact<\/h2>\t\t\t\t<\/div>\n\t\t\t\t<\/div>\n\t\t\t\t<\/div>\n\t\t<div class=\"elementor-element elementor-element-65981d0 e-con-full e-flex e-con e-child\" data-id=\"65981d0\" data-element_type=\"container\" data-e-type=\"container\" data-settings=\"{&quot;jet_parallax_layout_list&quot;:[]}\">\n\t\t\t\t<div class=\"elementor-element elementor-element-45644c7 elementor-widget elementor-widget-heading\" data-id=\"45644c7\" data-element_type=\"widget\" data-e-type=\"widget\" data-widget_type=\"heading.default\">\n\t\t\t\t<div class=\"elementor-widget-container\">\n\t\t\t\t\t<h2 class=\"elementor-heading-title elementor-size-default\">F.A. Schmidt<br>GmbH &amp; Co. KG<\/h2>\t\t\t\t<\/div>\n\t\t\t\t<\/div>\n\t\t\t\t<div class=\"elementor-element elementor-element-644bdc8 elementor-icon-list--layout-traditional elementor-list-item-link-full_width elementor-widget elementor-widget-icon-list\" data-id=\"644bdc8\" data-element_type=\"widget\" data-e-type=\"widget\" data-widget_type=\"icon-list.default\">\n\t\t\t\t<div class=\"elementor-widget-container\">\n\t\t\t\t\t\t\t<ul class=\"elementor-icon-list-items\">\n\t\t\t\t\t\t\t<li class=\"elementor-icon-list-item\">\n\t\t\t\t\t\t\t\t\t\t\t<span class=\"elementor-icon-list-icon\">\n\t\t\t\t\t\t\t<svg aria-hidden=\"true\" class=\"e-font-icon-svg e-fas-map-marker-alt\" viewBox=\"0 0 384 512\" xmlns=\"http:\/\/www.w3.org\/2000\/svg\"><path d=\"M172.268 501.67C26.97 291.031 0 269.413 0 192 0 85.961 85.961 0 192 0s192 85.961 192 192c0 77.413-26.97 99.031-172.268 309.67-9.535 13.774-29.93 13.773-39.464 0zM192 272c44.183 0 80-35.817 80-80s-35.817-80-80-80-80 35.817-80 80 35.817 80 80 80z\"><\/path><\/svg>\t\t\t\t\t\t<\/span>\n\t\t\t\t\t\t\t\t\t\t<span class=\"elementor-icon-list-text\">Morsbach 27<br>D-42857 Remscheid<br>Germany<\/span>\n\t\t\t\t\t\t\t\t\t<\/li>\n\t\t\t\t\t\t\t\t<li class=\"elementor-icon-list-item\">\n\t\t\t\t\t\t\t\t\t\t\t<span class=\"elementor-icon-list-icon\">\n\t\t\t\t\t\t\t<svg aria-hidden=\"true\" class=\"e-font-icon-svg e-fas-phone\" viewBox=\"0 0 512 512\" xmlns=\"http:\/\/www.w3.org\/2000\/svg\"><path d=\"M493.4 24.6l-104-24c-11.3-2.6-22.9 3.3-27.5 13.9l-48 112c-4.2 9.8-1.4 21.3 6.9 28l60.6 49.6c-36 76.7-98.9 140.5-177.2 177.2l-49.6-60.6c-6.8-8.3-18.2-11.1-28-6.9l-112 48C3.9 366.5-2 378.1.6 389.4l24 104C27.1 504.2 36.7 512 48 512c256.1 0 464-207.5 464-464 0-11.2-7.7-20.9-18.6-23.4z\"><\/path><\/svg>\t\t\t\t\t\t<\/span>\n\t\t\t\t\t\t\t\t\t\t<span class=\"elementor-icon-list-text\">+49 (0) 2191 691000<\/span>\n\t\t\t\t\t\t\t\t\t<\/li>\n\t\t\t\t\t\t\t\t<li class=\"elementor-icon-list-item\">\n\t\t\t\t\t\t\t\t\t\t\t<span class=\"elementor-icon-list-icon\">\n\t\t\t\t\t\t\t<svg aria-hidden=\"true\" class=\"e-font-icon-svg e-fas-envelope\" viewBox=\"0 0 512 512\" xmlns=\"http:\/\/www.w3.org\/2000\/svg\"><path d=\"M502.3 190.8c3.9-3.1 9.7-.2 9.7 4.7V400c0 26.5-21.5 48-48 48H48c-26.5 0-48-21.5-48-48V195.6c0-5 5.7-7.8 9.7-4.7 22.4 17.4 52.1 39.5 154.1 113.6 21.1 15.4 56.7 47.8 92.2 47.6 35.7.3 72-32.8 92.3-47.6 102-74.1 131.6-96.3 154-113.7zM256 320c23.2.4 56.6-29.2 73.4-41.4 132.7-96.3 142.8-104.7 173.4-128.7 5.8-4.5 9.2-11.5 9.2-18.9v-19c0-26.5-21.5-48-48-48H48C21.5 64 0 85.5 0 112v19c0 7.4 3.4 14.3 9.2 18.9 30.6 23.9 40.7 32.4 173.4 128.7 16.8 12.2 50.2 41.8 73.4 41.4z\"><\/path><\/svg>\t\t\t\t\t\t<\/span>\n\t\t\t\t\t\t\t\t\t\t<span class=\"elementor-icon-list-text\">info@faschmidt.de<\/span>\n\t\t\t\t\t\t\t\t\t<\/li>\n\t\t\t\t\t\t<\/ul>\n\t\t\t\t\t\t<\/div>\n\t\t\t\t<\/div>\n\t\t\t\t<\/div>\n\t\t<div class=\"elementor-element elementor-element-18d848b e-con-full e-flex e-con e-child\" data-id=\"18d848b\" data-element_type=\"container\" data-e-type=\"container\" data-settings=\"{&quot;jet_parallax_layout_list&quot;:[]}\">\n\t\t\t\t<div class=\"elementor-element elementor-element-9aa4b68 elementor-button-align-stretch elementor-widget elementor-widget-form\" data-id=\"9aa4b68\" data-element_type=\"widget\" data-e-type=\"widget\" data-settings=\"{&quot;step_next_label&quot;:&quot;N\\u00e4chster&quot;,&quot;step_previous_label&quot;:&quot;Voriger&quot;,&quot;button_width&quot;:&quot;100&quot;,&quot;step_type&quot;:&quot;number_text&quot;,&quot;step_icon_shape&quot;:&quot;circle&quot;}\" data-widget_type=\"form.default\">\n\t\t\t\t<div class=\"elementor-widget-container\">\n\t\t\t\t\t\t\t<form class=\"elementor-form\" method=\"post\" name=\"Neues Formular\" aria-label=\"Neues Formular\">\n\t\t\t<input type=\"hidden\" name=\"post_id\" value=\"3116\"\/>\n\t\t\t<input type=\"hidden\" name=\"form_id\" value=\"9aa4b68\"\/>\n\t\t\t<input type=\"hidden\" name=\"referer_title\" value=\"F.A. Schmidt Gmbh &amp; Co. KG\" \/>\n\n\t\t\t\n\t\t\t<div class=\"elementor-form-fields-wrapper elementor-labels-\">\n\t\t\t\t\t\t\t\t<div class=\"elementor-field-type-acceptance elementor-field-group elementor-column elementor-field-group-field_1890269 elementor-col-100\">\n\t\t\t\t\t\t\t\t\t\t\t\t<label for=\"form-field-field_1890269\" class=\"elementor-field-label elementor-screen-only\">\n\t\t\t\t\t\t\t\tVertriebspartner\t\t\t\t\t\t\t<\/label>\n\t\t\t\t\t\t\t\t<div class=\"elementor-field-subgroup\">\n\t\t\t<span class=\"elementor-field-option\">\n\t\t\t\t<input type=\"checkbox\" name=\"form_fields[field_1890269]\" id=\"form-field-field_1890269\" class=\"elementor-field elementor-size-lg  elementor-acceptance-field\">\n\t\t\t\t<label for=\"form-field-field_1890269\">Ich m\u00f6chte Vertriebspartner werden.<\/label>\t\t\t<\/span>\n\t\t<\/div>\n\t\t\t\t\t\t<\/div>\n\t\t\t\t\t\t\t\t<div class=\"elementor-field-type-text elementor-field-group elementor-column elementor-field-group-name elementor-col-100 elementor-field-required\">\n\t\t\t\t\t\t\t\t\t\t\t\t<label for=\"form-field-name\" class=\"elementor-field-label elementor-screen-only\">\n\t\t\t\t\t\t\t\tName\t\t\t\t\t\t\t<\/label>\n\t\t\t\t\t\t\t\t\t\t\t\t\t\t<input size=\"1\" type=\"text\" name=\"form_fields[name]\" id=\"form-field-name\" class=\"elementor-field elementor-size-lg  elementor-field-textual\" placeholder=\"Vollst\u00e4ndiger Name*\" required=\"required\">\n\t\t\t\t\t\t\t\t\t\t\t<\/div>\n\t\t\t\t\t\t\t\t<div class=\"elementor-field-type-text elementor-field-group elementor-column elementor-field-group-field_3a4ffb7 elementor-col-50\">\n\t\t\t\t\t\t\t\t\t\t\t\t<label for=\"form-field-field_3a4ffb7\" class=\"elementor-field-label elementor-screen-only\">\n\t\t\t\t\t\t\t\tStra\u00dfe\t\t\t\t\t\t\t<\/label>\n\t\t\t\t\t\t\t\t\t\t\t\t\t\t<input size=\"1\" type=\"text\" name=\"form_fields[field_3a4ffb7]\" id=\"form-field-field_3a4ffb7\" class=\"elementor-field elementor-size-lg  elementor-field-textual\" placeholder=\"Stra\u00dfe\">\n\t\t\t\t\t\t\t\t\t\t\t<\/div>\n\t\t\t\t\t\t\t\t<div class=\"elementor-field-type-text elementor-field-group elementor-column elementor-field-group-field_06c3029 elementor-col-50\">\n\t\t\t\t\t\t\t\t\t\t\t\t<label for=\"form-field-field_06c3029\" class=\"elementor-field-label elementor-screen-only\">\n\t\t\t\t\t\t\t\tOrt\t\t\t\t\t\t\t<\/label>\n\t\t\t\t\t\t\t\t\t\t\t\t\t\t<input size=\"1\" type=\"text\" name=\"form_fields[field_06c3029]\" id=\"form-field-field_06c3029\" class=\"elementor-field elementor-size-lg  elementor-field-textual\" placeholder=\"PLZ\/Ort\">\n\t\t\t\t\t\t\t\t\t\t\t<\/div>\n\t\t\t\t\t\t\t\t<div class=\"elementor-field-type-tel elementor-field-group elementor-column elementor-field-group-field_0a57686 elementor-col-50\">\n\t\t\t\t\t\t\t\t\t\t\t\t<label for=\"form-field-field_0a57686\" class=\"elementor-field-label elementor-screen-only\">\n\t\t\t\t\t\t\t\tTelefon\t\t\t\t\t\t\t<\/label>\n\t\t\t\t\t\t\t\t<input size=\"1\" type=\"tel\" name=\"form_fields[field_0a57686]\" id=\"form-field-field_0a57686\" class=\"elementor-field elementor-size-lg  elementor-field-textual\" placeholder=\"Telefon\" pattern=\"[0-9()#&amp;+*-=.]+\" title=\"Nur Nummern oder Telefon-Zeichen (#, -, *, etc) werden akzeptiert.\">\n\n\t\t\t\t\t\t<\/div>\n\t\t\t\t\t\t\t\t<div class=\"elementor-field-type-email elementor-field-group elementor-column elementor-field-group-email elementor-col-50 elementor-field-required\">\n\t\t\t\t\t\t\t\t\t\t\t\t<label for=\"form-field-email\" class=\"elementor-field-label elementor-screen-only\">\n\t\t\t\t\t\t\t\tE-Mail\t\t\t\t\t\t\t<\/label>\n\t\t\t\t\t\t\t\t\t\t\t\t\t\t<input size=\"1\" type=\"email\" name=\"form_fields[email]\" id=\"form-field-email\" class=\"elementor-field elementor-size-lg  elementor-field-textual\" placeholder=\"Email*\" required=\"required\">\n\t\t\t\t\t\t\t\t\t\t\t<\/div>\n\t\t\t\t\t\t\t\t<div class=\"elementor-field-type-textarea elementor-field-group elementor-column elementor-field-group-message elementor-col-100 elementor-field-required\">\n\t\t\t\t\t\t\t\t\t\t\t\t<label for=\"form-field-message\" class=\"elementor-field-label elementor-screen-only\">\n\t\t\t\t\t\t\t\tNachricht\t\t\t\t\t\t\t<\/label>\n\t\t\t\t\t\t<textarea class=\"elementor-field-textual elementor-field  elementor-size-lg\" name=\"form_fields[message]\" id=\"form-field-message\" rows=\"4\" placeholder=\"Ihre Nachricht*\" required=\"required\"><\/textarea>\t\t\t\t<\/div>\n\t\t\t\t\t\t\t\t<div class=\"elementor-field-type-acceptance elementor-field-group elementor-column elementor-field-group-field_7b2bbfa elementor-col-100\">\n\t\t\t\t\t\t\t\t\t\t\t\t<label for=\"form-field-field_7b2bbfa\" class=\"elementor-field-label elementor-screen-only\">\n\t\t\t\t\t\t\t\tEinwilligung zur Datenschutzerkl\u00e4rung:\t\t\t\t\t\t\t<\/label>\n\t\t\t\t\t\t\t\t<div class=\"elementor-field-subgroup\">\n\t\t\t<span class=\"elementor-field-option\">\n\t\t\t\t<input type=\"checkbox\" name=\"form_fields[field_7b2bbfa]\" id=\"form-field-field_7b2bbfa\" class=\"elementor-field elementor-size-lg  elementor-acceptance-field\">\n\t\t\t\t<label for=\"form-field-field_7b2bbfa\">Ich stimme der Datenschutzerkl\u00e4rung hiermit ausdr\u00fccklich zu.*<br>Hinweis: Diese Einwilligung k\u00f6nnen Sie jederzeit mit Wirkung f\u00fcr die Zukunft per E-Mail an info[at]faschmidt.de widerrufen.<\/label>\t\t\t<\/span>\n\t\t<\/div>\n\t\t\t\t\t\t<\/div>\n\t\t\t\t\t\t\t\t<div class=\"elementor-field-type-recaptcha_v3 elementor-field-group elementor-column elementor-field-group-field_b072b1c elementor-col-100 recaptcha_v3-bottomright\">\n\t\t\t\t\t<div class=\"elementor-field\" id=\"form-field-field_b072b1c\"><div class=\"elementor-g-recaptcha\" data-sitekey=\"6Ld9FjoiAAAAAPixI-Ojk_EinmyeJWLrzYAak-c_\" data-type=\"v3\" data-action=\"Form\" data-badge=\"bottomright\" data-size=\"invisible\"><\/div><\/div>\t\t\t\t<\/div>\n\t\t\t\t\t\t\t\t<div class=\"elementor-field-group elementor-column elementor-field-type-submit elementor-col-100 e-form__buttons\">\n\t\t\t\t\t<button class=\"elementor-button elementor-size-lg\" type=\"submit\">\n\t\t\t\t\t\t<span class=\"elementor-button-content-wrapper\">\n\t\t\t\t\t\t\t\t\t\t\t\t\t\t\t\t\t\t\t\t\t\t<span class=\"elementor-button-text\">Schicken<\/span>\n\t\t\t\t\t\t\t\t\t\t\t\t\t<\/span>\n\t\t\t\t\t<\/button>\n\t\t\t\t<\/div>\n\t\t\t<\/div>\n\t\t<\/form>\n\t\t\t\t\t\t<\/div>\n\t\t\t\t<\/div>\n\t\t\t\t<div class=\"elementor-element elementor-element-7788902 elementor-widget elementor-widget-text-editor\" data-id=\"7788902\" data-element_type=\"widget\" data-e-type=\"widget\" data-widget_type=\"text-editor.default\">\n\t\t\t\t<div class=\"elementor-widget-container\">\n\t\t\t\t\t\t\t\t\t<p>Mit einem Sternchen* gekennzeichnete Felder sind Pflichtfelder.<\/p>\t\t\t\t\t\t\t\t<\/div>\n\t\t\t\t<\/div>\n\t\t\t\t<\/div>\n\t\t\t\t\t<\/div>\n\t\t\t\t<\/div>\n\t\t<div class=\"elementor-element elementor-element-d76ab0e e-con-full e-flex e-con e-parent\" data-id=\"d76ab0e\" data-element_type=\"container\" data-e-type=\"container\" id=\"anfahrt\" data-settings=\"{&quot;jet_parallax_layout_list&quot;:[]}\">\n\t\t\t\t<div class=\"elementor-element elementor-element-69d5a9f elementor-widget elementor-widget-google_maps\" data-id=\"69d5a9f\" data-element_type=\"widget\" data-e-type=\"widget\" data-widget_type=\"google_maps.default\">\n\t\t\t\t<div class=\"elementor-widget-container\">\n\t\t\t\t\t\t\t<div class=\"elementor-custom-embed\">\n\t\t\t <div class=\"brlbs-cmpnt-container brlbs-cmpnt-content-blocker\" data-borlabs-cookie-content-blocker-id=\"google-maps\" data-borlabs-cookie-content=\"PGlmcmFtZSBsb2FkaW5nPSJsYXp5IgoJCQkJCXNyYz0iaHR0cHM6Ly9tYXBzLmdvb2dsZS5jb20vbWFwcz9xPUZBJTIwU2NobWlkdCUyQyUyME1vcnNiYWNoJTIwMjclMkMlMjBELTQyODU3JTIwUmVtc2NoZWlkJiMwMzg7dD1tJiMwMzg7ej0xMyYjMDM4O291dHB1dD1lbWJlZCYjMDM4O2l3bG9jPW5lYXIiCgkJCQkJdGl0bGU9IkZBIFNjaG1pZHQsIE1vcnNiYWNoIDI3LCBELTQyODU3IFJlbXNjaGVpZCIKCQkJCQlhcmlhLWxhYmVsPSJGQSBTY2htaWR0LCBNb3JzYmFjaCAyNywgRC00Mjg1NyBSZW1zY2hlaWQiCgkJCT48L2lmcmFtZT4=\"><div class=\"brlbs-cmpnt-cb-preset-b brlbs-cmpnt-cb-google-maps\"> <div class=\"brlbs-cmpnt-cb-thumbnail\" style=\"background-image: url('https:\/\/www.faschmidt.de\/wp-content\/uploads\/borlabs-cookie\/1\/brlbs-cb-google-maps-main.png')\"><\/div> <div class=\"brlbs-cmpnt-cb-main\"> <div class=\"brlbs-cmpnt-cb-content\"> <p class=\"brlbs-cmpnt-cb-description\">Sie sehen gerade einen Platzhalterinhalt von <strong>Google Maps<\/strong>. Um auf den eigentlichen Inhalt zuzugreifen, klicken Sie auf die Schaltfl\u00e4che unten. Bitte beachten Sie, dass dabei Daten an Drittanbieter weitergegeben werden.<\/p> <a class=\"brlbs-cmpnt-cb-provider-toggle\" href=\"#\" data-borlabs-cookie-show-provider-information role=\"button\">Mehr Informationen<\/a> <\/div> <div class=\"brlbs-cmpnt-cb-buttons\"> <a class=\"brlbs-cmpnt-cb-btn\" href=\"#\" data-borlabs-cookie-unblock role=\"button\">Inhalt entsperren<\/a> <a class=\"brlbs-cmpnt-cb-btn\" href=\"#\" data-borlabs-cookie-accept-service role=\"button\" style=\"display: inherit\">Erforderlichen Service akzeptieren und Inhalte entsperren<\/a> <\/div> <\/div> <\/div><\/div>\n\t\t<\/div>\n\t\t\t\t\t\t<\/div>\n\t\t\t\t<\/div>\n\t\t\t\t<\/div>\n\t\t\t\t<\/div>\n\t\t","protected":false},"excerpt":{"rendered":"<p>Contact F.A. SchmidtGmbH &amp; Co. KG Morsbach 27D-42857 RemscheidGermany +49 (0) 2191 691000 info@faschmidt.de Mit einem Sternchen* gekennzeichnete Felder sind Pflichtfelder. You are currently viewing a placeholder content from Google Maps. To access the actual content, click the button below. Please note that doing so will share data with third-party providers. More Information Unblock content [&hellip;]<\/p>\n","protected":false},"author":1,"featured_media":0,"parent":0,"menu_order":60,"comment_status":"closed","ping_status":"closed","template":"elementor_header_footer","meta":{"footnotes":""},"class_list":["post-3116","page","type-page","status-publish","hentry"],"yoast_head":"<!-- This site is optimized with the Yoast SEO plugin v27.5 - https:\/\/yoast.com\/product\/yoast-seo-wordpress\/ -->\n<title>Kontakt<\/title>\n<meta name=\"description\" content=\"Kontaktieren Sie F.A. Schmidt in Remscheid. Unser Team steht Ihnen f\u00fcr Anfragen rund um Industriemesser, Raspelklingen und Serviceleistungen gerne zur Verf\u00fcgung.\" \/>\n<meta name=\"robots\" content=\"index, follow, max-snippet:-1, max-image-preview:large, max-video-preview:-1\" \/>\n<link rel=\"canonical\" href=\"https:\/\/www.faschmidt.de\/de\/contact\/\" \/>\n<meta property=\"og:locale\" content=\"de_DE\" \/>\n<meta property=\"og:type\" content=\"article\" \/>\n<meta property=\"og:title\" content=\"Kontakt\" \/>\n<meta property=\"og:description\" content=\"Kontaktieren Sie F.A. Schmidt in Remscheid. Unser Team steht Ihnen f\u00fcr Anfragen rund um Industriemesser, Raspelklingen und Serviceleistungen gerne zur Verf\u00fcgung.\" \/>\n<meta property=\"og:url\" content=\"https:\/\/www.faschmidt.de\/de\/contact\/\" \/>\n<meta property=\"og:site_name\" content=\"F.A. Schmidt Gmbh &amp; Co. KG\" \/>\n<meta property=\"article:publisher\" content=\"https:\/\/www.facebook.com\/maschinenmesser\/?locale=de_DE\" \/>\n<meta property=\"article:modified_time\" content=\"2025-10-20T08:15:54+00:00\" \/>\n<meta property=\"og:image\" content=\"https:\/\/www.faschmidt.de\/wp-content\/uploads\/2025\/08\/Talk-to-us-3-1024x678.jpg\" \/>\n\t<meta property=\"og:image:width\" content=\"1024\" \/>\n\t<meta property=\"og:image:height\" content=\"678\" \/>\n\t<meta property=\"og:image:type\" content=\"image\/jpeg\" \/>\n<meta name=\"twitter:card\" content=\"summary_large_image\" \/>\n<script type=\"application\/ld+json\" class=\"yoast-schema-graph\">{\"@context\":\"https:\\\/\\\/schema.org\",\"@graph\":[{\"@type\":\"WebPage\",\"@id\":\"https:\\\/\\\/www.faschmidt.de\\\/de\\\/contact\\\/\",\"url\":\"https:\\\/\\\/www.faschmidt.de\\\/de\\\/contact\\\/\",\"name\":\"Kontakt\",\"isPartOf\":{\"@id\":\"https:\\\/\\\/www.faschmidt.de\\\/de\\\/#website\"},\"datePublished\":\"2025-06-23T11:16:17+00:00\",\"dateModified\":\"2025-10-20T08:15:54+00:00\",\"description\":\"Kontaktieren Sie F.A. Schmidt in Remscheid. Unser Team steht Ihnen f\u00fcr Anfragen rund um Industriemesser, Raspelklingen und Serviceleistungen gerne zur Verf\u00fcgung.\",\"breadcrumb\":{\"@id\":\"https:\\\/\\\/www.faschmidt.de\\\/de\\\/contact\\\/#breadcrumb\"},\"inLanguage\":\"de\",\"potentialAction\":[{\"@type\":\"ReadAction\",\"target\":[\"https:\\\/\\\/www.faschmidt.de\\\/de\\\/contact\\\/\"]}]},{\"@type\":\"BreadcrumbList\",\"@id\":\"https:\\\/\\\/www.faschmidt.de\\\/de\\\/contact\\\/#breadcrumb\",\"itemListElement\":[{\"@type\":\"ListItem\",\"position\":1,\"name\":\"Startseite\",\"item\":\"https:\\\/\\\/www.faschmidt.de\\\/de\\\/\"},{\"@type\":\"ListItem\",\"position\":2,\"name\":\"Contact\"}]},{\"@type\":\"WebSite\",\"@id\":\"https:\\\/\\\/www.faschmidt.de\\\/de\\\/#website\",\"url\":\"https:\\\/\\\/www.faschmidt.de\\\/de\\\/\",\"name\":\"F.A. Schmidt Gmbh & Co. KG\",\"description\":\"S\u00e4gen- und Maschinenmesserfabrik Remscheid\",\"publisher\":{\"@id\":\"https:\\\/\\\/www.faschmidt.de\\\/de\\\/#organization\"},\"potentialAction\":[{\"@type\":\"SearchAction\",\"target\":{\"@type\":\"EntryPoint\",\"urlTemplate\":\"https:\\\/\\\/www.faschmidt.de\\\/de\\\/?s={search_term_string}\"},\"query-input\":{\"@type\":\"PropertyValueSpecification\",\"valueRequired\":true,\"valueName\":\"search_term_string\"}}],\"inLanguage\":\"de\"},{\"@type\":\"Organization\",\"@id\":\"https:\\\/\\\/www.faschmidt.de\\\/de\\\/#organization\",\"name\":\"F.A. Schmidt Gmbh & Co. KG\",\"url\":\"https:\\\/\\\/www.faschmidt.de\\\/de\\\/\",\"logo\":{\"@type\":\"ImageObject\",\"inLanguage\":\"de\",\"@id\":\"https:\\\/\\\/www.faschmidt.de\\\/de\\\/#\\\/schema\\\/logo\\\/image\\\/\",\"url\":\"https:\\\/\\\/www.faschmidt.de\\\/wp-content\\\/uploads\\\/2025\\\/07\\\/Logo-2025_1024.png\",\"contentUrl\":\"https:\\\/\\\/www.faschmidt.de\\\/wp-content\\\/uploads\\\/2025\\\/07\\\/Logo-2025_1024.png\",\"width\":1024,\"height\":390,\"caption\":\"F.A. Schmidt Gmbh & Co. KG\"},\"image\":{\"@id\":\"https:\\\/\\\/www.faschmidt.de\\\/de\\\/#\\\/schema\\\/logo\\\/image\\\/\"},\"sameAs\":[\"https:\\\/\\\/www.facebook.com\\\/maschinenmesser\\\/?locale=de_DE\",\"https:\\\/\\\/www.instagram.com\\\/faschmidt25\\\/\",\"https:\\\/\\\/de.linkedin.com\\\/company\\\/faschmidt\"]}]}<\/script>\n<!-- \/ Yoast SEO plugin. -->","yoast_head_json":{"title":"Kontakt","description":"Kontaktieren Sie F.A. Schmidt in Remscheid. Unser Team steht Ihnen f\u00fcr Anfragen rund um Industriemesser, Raspelklingen und Serviceleistungen gerne zur Verf\u00fcgung.","robots":{"index":"index","follow":"follow","max-snippet":"max-snippet:-1","max-image-preview":"max-image-preview:large","max-video-preview":"max-video-preview:-1"},"canonical":"https:\/\/www.faschmidt.de\/de\/contact\/","og_locale":"de_DE","og_type":"article","og_title":"Kontakt","og_description":"Kontaktieren Sie F.A. Schmidt in Remscheid. Unser Team steht Ihnen f\u00fcr Anfragen rund um Industriemesser, Raspelklingen und Serviceleistungen gerne zur Verf\u00fcgung.","og_url":"https:\/\/www.faschmidt.de\/de\/contact\/","og_site_name":"F.A. Schmidt Gmbh &amp; Co. KG","article_publisher":"https:\/\/www.facebook.com\/maschinenmesser\/?locale=de_DE","article_modified_time":"2025-10-20T08:15:54+00:00","og_image":[{"width":1024,"height":678,"url":"https:\/\/www.faschmidt.de\/wp-content\/uploads\/2025\/08\/Talk-to-us-3-1024x678.jpg","type":"image\/jpeg"}],"twitter_card":"summary_large_image","schema":{"@context":"https:\/\/schema.org","@graph":[{"@type":"WebPage","@id":"https:\/\/www.faschmidt.de\/de\/contact\/","url":"https:\/\/www.faschmidt.de\/de\/contact\/","name":"Kontakt","isPartOf":{"@id":"https:\/\/www.faschmidt.de\/de\/#website"},"datePublished":"2025-06-23T11:16:17+00:00","dateModified":"2025-10-20T08:15:54+00:00","description":"Kontaktieren Sie F.A. Schmidt in Remscheid. Unser Team steht Ihnen f\u00fcr Anfragen rund um Industriemesser, Raspelklingen und Serviceleistungen gerne zur Verf\u00fcgung.","breadcrumb":{"@id":"https:\/\/www.faschmidt.de\/de\/contact\/#breadcrumb"},"inLanguage":"de","potentialAction":[{"@type":"ReadAction","target":["https:\/\/www.faschmidt.de\/de\/contact\/"]}]},{"@type":"BreadcrumbList","@id":"https:\/\/www.faschmidt.de\/de\/contact\/#breadcrumb","itemListElement":[{"@type":"ListItem","position":1,"name":"Startseite","item":"https:\/\/www.faschmidt.de\/de\/"},{"@type":"ListItem","position":2,"name":"Contact"}]},{"@type":"WebSite","@id":"https:\/\/www.faschmidt.de\/de\/#website","url":"https:\/\/www.faschmidt.de\/de\/","name":"F.A. Schmidt Gmbh & Co. KG","description":"S\u00e4gen- und Maschinenmesserfabrik Remscheid","publisher":{"@id":"https:\/\/www.faschmidt.de\/de\/#organization"},"potentialAction":[{"@type":"SearchAction","target":{"@type":"EntryPoint","urlTemplate":"https:\/\/www.faschmidt.de\/de\/?s={search_term_string}"},"query-input":{"@type":"PropertyValueSpecification","valueRequired":true,"valueName":"search_term_string"}}],"inLanguage":"de"},{"@type":"Organization","@id":"https:\/\/www.faschmidt.de\/de\/#organization","name":"F.A. Schmidt Gmbh & Co. KG","url":"https:\/\/www.faschmidt.de\/de\/","logo":{"@type":"ImageObject","inLanguage":"de","@id":"https:\/\/www.faschmidt.de\/de\/#\/schema\/logo\/image\/","url":"https:\/\/www.faschmidt.de\/wp-content\/uploads\/2025\/07\/Logo-2025_1024.png","contentUrl":"https:\/\/www.faschmidt.de\/wp-content\/uploads\/2025\/07\/Logo-2025_1024.png","width":1024,"height":390,"caption":"F.A. Schmidt Gmbh & Co. KG"},"image":{"@id":"https:\/\/www.faschmidt.de\/de\/#\/schema\/logo\/image\/"},"sameAs":["https:\/\/www.facebook.com\/maschinenmesser\/?locale=de_DE","https:\/\/www.instagram.com\/faschmidt25\/","https:\/\/de.linkedin.com\/company\/faschmidt"]}]}},"_links":{"self":[{"href":"https:\/\/www.faschmidt.de\/de\/wp-json\/wp\/v2\/pages\/3116","targetHints":{"allow":["GET"]}}],"collection":[{"href":"https:\/\/www.faschmidt.de\/de\/wp-json\/wp\/v2\/pages"}],"about":[{"href":"https:\/\/www.faschmidt.de\/de\/wp-json\/wp\/v2\/types\/page"}],"author":[{"embeddable":true,"href":"https:\/\/www.faschmidt.de\/de\/wp-json\/wp\/v2\/users\/1"}],"replies":[{"embeddable":true,"href":"https:\/\/www.faschmidt.de\/de\/wp-json\/wp\/v2\/comments?post=3116"}],"version-history":[{"count":2,"href":"https:\/\/www.faschmidt.de\/de\/wp-json\/wp\/v2\/pages\/3116\/revisions"}],"predecessor-version":[{"id":3203,"href":"https:\/\/www.faschmidt.de\/de\/wp-json\/wp\/v2\/pages\/3116\/revisions\/3203"}],"wp:attachment":[{"href":"https:\/\/www.faschmidt.de\/de\/wp-json\/wp\/v2\/media?parent=3116"}],"curies":[{"name":"wp","href":"https:\/\/api.w.org\/{rel}","templated":true}]}}