{"id":3110,"date":"2025-06-23T13:08:23","date_gmt":"2025-06-23T11:08:23","guid":{"rendered":"https:\/\/www.faschmidt.de\/messeranpassungen\/"},"modified":"2025-10-20T10:13:47","modified_gmt":"2025-10-20T08:13:47","slug":"messeranpassungen","status":"publish","type":"page","link":"https:\/\/www.faschmidt.de\/de\/messeranpassungen\/","title":{"rendered":"Messeranpassungen"},"content":{"rendered":"\t\t<div data-elementor-type=\"wp-page\" data-elementor-id=\"3110\" class=\"elementor elementor-3110 elementor-847\" data-elementor-post-type=\"page\">\n\t\t\t\t<div class=\"elementor-element elementor-element-5cdf1a7 e-con-full animated-slow e-flex elementor-invisible e-con e-parent\" data-id=\"5cdf1a7\" data-element_type=\"container\" data-e-type=\"container\" data-settings=\"{&quot;background_background&quot;:&quot;video&quot;,&quot;background_motion_fx_translateY_effect&quot;:&quot;yes&quot;,&quot;jet_parallax_layout_list&quot;:[],&quot;background_video_link&quot;:&quot;https:\\\/\\\/www.faschmidt.de\\\/wp-content\\\/uploads\\\/2025\\\/09\\\/Knive-cotumisation.mp4&quot;,&quot;animation&quot;:&quot;fadeIn&quot;,&quot;background_play_on_mobile&quot;:&quot;yes&quot;,&quot;background_motion_fx_translateY_speed&quot;:{&quot;unit&quot;:&quot;px&quot;,&quot;size&quot;:4,&quot;sizes&quot;:[]},&quot;background_motion_fx_translateY_affectedRange&quot;:{&quot;unit&quot;:&quot;%&quot;,&quot;size&quot;:&quot;&quot;,&quot;sizes&quot;:{&quot;start&quot;:0,&quot;end&quot;:100}},&quot;background_motion_fx_devices&quot;:[&quot;desktop&quot;,&quot;tablet&quot;,&quot;mobile&quot;]}\">\n\t\t<div class=\"elementor-background-video-container\">\n\t\t\t\t\t\t\t<video class=\"elementor-background-video-hosted\" role=\"presentation\" autoplay muted playsinline loop><\/video>\n\t\t\t\t\t<\/div>\t\t<div class=\"elementor-element elementor-element-d89f258 elementor-widget elementor-widget-heading\" data-id=\"d89f258\" data-element_type=\"widget\" data-e-type=\"widget\" data-widget_type=\"heading.default\">\n\t\t\t\t<div class=\"elementor-widget-container\">\n\t\t\t\t\t<h1 class=\"elementor-heading-title elementor-size-default\">Messeranpassungen<\/h1>\t\t\t\t<\/div>\n\t\t\t\t<\/div>\n\t\t\t\t<div class=\"elementor-element elementor-element-2c9b61b elementor-widget-divider--view-line elementor-widget elementor-widget-divider\" data-id=\"2c9b61b\" data-element_type=\"widget\" data-e-type=\"widget\" data-widget_type=\"divider.default\">\n\t\t\t\t<div class=\"elementor-widget-container\">\n\t\t\t\t\t\t\t<div class=\"elementor-divider\">\n\t\t\t<span class=\"elementor-divider-separator\">\n\t\t\t\t\t\t<\/span>\n\t\t<\/div>\n\t\t\t\t\t\t<\/div>\n\t\t\t\t<\/div>\n\t\t\t\t<\/div>\n\t\t<div class=\"elementor-element elementor-element-200431b e-flex e-con-boxed e-con e-parent\" data-id=\"200431b\" data-element_type=\"container\" data-e-type=\"container\" data-settings=\"{&quot;background_background&quot;:&quot;classic&quot;,&quot;jet_parallax_layout_list&quot;:[]}\">\n\t\t\t\t\t<div class=\"e-con-inner\">\n\t\t<div class=\"elementor-element elementor-element-a7df89a e-con-full e-flex e-con e-child\" data-id=\"a7df89a\" data-element_type=\"container\" data-e-type=\"container\" data-settings=\"{&quot;background_background&quot;:&quot;classic&quot;,&quot;background_motion_fx_motion_fx_scrolling&quot;:&quot;yes&quot;,&quot;background_motion_fx_translateY_effect&quot;:&quot;yes&quot;,&quot;jet_parallax_layout_list&quot;:[],&quot;background_motion_fx_translateY_speed&quot;:{&quot;unit&quot;:&quot;px&quot;,&quot;size&quot;:4,&quot;sizes&quot;:[]},&quot;background_motion_fx_translateY_affectedRange&quot;:{&quot;unit&quot;:&quot;%&quot;,&quot;size&quot;:&quot;&quot;,&quot;sizes&quot;:{&quot;start&quot;:0,&quot;end&quot;:100}},&quot;background_motion_fx_devices&quot;:[&quot;desktop&quot;,&quot;tablet&quot;,&quot;mobile&quot;]}\">\n\t\t\t\t<div class=\"elementor-element elementor-element-85fc57a elementor-widget elementor-widget-image-carousel\" data-id=\"85fc57a\" data-element_type=\"widget\" data-e-type=\"widget\" data-settings=\"{&quot;slides_to_show&quot;:&quot;1&quot;,&quot;navigation&quot;:&quot;none&quot;,&quot;autoplay&quot;:&quot;yes&quot;,&quot;pause_on_hover&quot;:&quot;yes&quot;,&quot;pause_on_interaction&quot;:&quot;yes&quot;,&quot;autoplay_speed&quot;:5000,&quot;infinite&quot;:&quot;yes&quot;,&quot;effect&quot;:&quot;slide&quot;,&quot;speed&quot;:500}\" data-widget_type=\"image-carousel.default\">\n\t\t\t\t<div class=\"elementor-widget-container\">\n\t\t\t\t\t\t\t<div class=\"elementor-image-carousel-wrapper swiper\" role=\"region\" aria-roledescription=\"carousel\" aria-label=\"Bild Karussell\" dir=\"ltr\">\n\t\t\t<div class=\"elementor-image-carousel swiper-wrapper\" aria-live=\"off\">\n\t\t\t\t\t\t\t\t<div class=\"swiper-slide\" role=\"group\" aria-roledescription=\"slide\" aria-label=\"1 von 3\"><figure class=\"swiper-slide-inner\"><img decoding=\"async\" class=\"swiper-slide-image\" src=\"https:\/\/www.faschmidt.de\/wp-content\/uploads\/2025\/08\/Knife-customization-3-768x542.jpg\" alt=\"Messeranpassungen\" \/><\/figure><\/div><div class=\"swiper-slide\" role=\"group\" aria-roledescription=\"slide\" aria-label=\"2 von 3\"><figure class=\"swiper-slide-inner\"><img decoding=\"async\" class=\"swiper-slide-image\" src=\"https:\/\/www.faschmidt.de\/wp-content\/uploads\/2025\/08\/Knife-customization-2-768x541.jpg\" alt=\"Messeranpassungen Technische Zeichnung\" \/><\/figure><\/div><div class=\"swiper-slide\" role=\"group\" aria-roledescription=\"slide\" aria-label=\"3 von 3\"><figure class=\"swiper-slide-inner\"><img decoding=\"async\" class=\"swiper-slide-image\" src=\"https:\/\/www.faschmidt.de\/wp-content\/uploads\/2025\/08\/Knife-customization-1-768x541.jpg\" alt=\"Messeranpassungen Technische Zeichnung\" \/><\/figure><\/div>\t\t\t<\/div>\n\t\t\t\t\t\t\t\n\t\t\t\t\t\t\t\t\t<\/div>\n\t\t\t\t\t\t<\/div>\n\t\t\t\t<\/div>\n\t\t\t\t<\/div>\n\t\t<div class=\"elementor-element elementor-element-f9e7869 e-con-full e-flex e-con e-child\" data-id=\"f9e7869\" data-element_type=\"container\" data-e-type=\"container\" data-settings=\"{&quot;background_background&quot;:&quot;classic&quot;,&quot;jet_parallax_layout_list&quot;:[]}\">\n\t\t\t\t<div class=\"elementor-element elementor-element-7a18712 elementor-widget elementor-widget-heading\" data-id=\"7a18712\" data-element_type=\"widget\" data-e-type=\"widget\" data-widget_type=\"heading.default\">\n\t\t\t\t<div class=\"elementor-widget-container\">\n\t\t\t\t\t<h2 class=\"elementor-heading-title elementor-size-default\">PR\u00c4ZISIONSKLINGEN,\nMASSGESCHNEIDERT F\u00dcR\nJEDE FORM UND GR\u00d6SSE<\/h2>\t\t\t\t<\/div>\n\t\t\t\t<\/div>\n\t\t\t\t<div class=\"elementor-element elementor-element-321a396 elementor-widget elementor-widget-text-editor\" data-id=\"321a396\" data-element_type=\"widget\" data-e-type=\"widget\" data-widget_type=\"text-editor.default\">\n\t\t\t\t<div class=\"elementor-widget-container\">\n\t\t\t\t\t\t\t\t\t<p>Wir sind auf die Herstellung kundenspezifischer Rotorbl\u00e4tter mit modernster Laserschneidtechnologie spezialisiert.<br>Unsere erfahrenen Ingenieure unterst\u00fctzen Sie w\u00e4hrend des gesamten Prozesses, um sicherzustellen, dass jedes Rotorblatt Ihren genauen Spezifikationen entspricht \u2013 in Form, Gr\u00f6\u00dfe und Material.<br>Vom Konzept bis zur Fertigstellung liefern wir Ihnen hochwertige, ma\u00dfgeschneiderte L\u00f6sungen.<br><br><\/p>\t\t\t\t\t\t\t\t<\/div>\n\t\t\t\t<\/div>\n\t\t\t\t<\/div>\n\t\t<div class=\"elementor-element elementor-element-7a3acc6 e-con-full e-flex e-con e-child\" data-id=\"7a3acc6\" data-element_type=\"container\" data-e-type=\"container\" data-settings=\"{&quot;background_background&quot;:&quot;classic&quot;,&quot;jet_parallax_layout_list&quot;:[]}\">\n\t\t\t\t<div class=\"elementor-element elementor-element-3c2a7d5 elementor-widget elementor-widget-text-editor\" data-id=\"3c2a7d5\" data-element_type=\"widget\" data-e-type=\"widget\" data-widget_type=\"text-editor.default\">\n\t\t\t\t<div class=\"elementor-widget-container\">\n\t\t\t\t\t\t\t\t\t<p>F\u00fcr Branchen wie Papier, Holz, Stahl, Leder, Lebensmittel und Kunststoffe bietet F.A. Schmidt ein ma\u00dfgeschneidertes Messerprogramm, das selbst den anspruchsvollsten Anforderungen gerecht wird \u2013 und f\u00fcr jede Anwendung die perfekte Klinge bietet.<\/p><p style=\"font-weight: 400;\">Klingenanpassungsprozess<\/p><ol><li style=\"font-weight: 400;\">Zeichnung oder Muster einreichen<br>Senden Sie uns eine detaillierte technische Zeichnung oder ein physisches Muster als Referenz.<br><br><\/li><li style=\"font-weight: 400;\">Erstellung von Fertigungszeichnungen<br>Wir erstellen pr\u00e4zise Fertigungszeichnungen basierend auf Ihren Angaben und Anforderungen.<br><br><\/li><li>Zeichnungsbest\u00e4tigung<br>Abmessungen, Toleranzen und Blattspezifikationen werden von beiden Parteien gepr\u00fcft und best\u00e4tigt.<\/li><\/ol><ol start=\"4\"><li style=\"font-weight: 400;\">Materialauswahl<br>W\u00e4hlen Sie Ihr bevorzugtes Material \u2013 oder teilen Sie uns den Verwendungszweck der Klinge mit, und unsere Experten empfehlen Ihnen die beste Option.<\/li><\/ol><ol start=\"5\"><li style=\"font-weight: 400;\">Produktion &amp; Qualit\u00e4tskontrolle<br>Wir k\u00fcmmern uns um die Materialvorbereitung, Fertigung, gr\u00fcndliche Qualit\u00e4tskontrollen und die Endverpackung f\u00fcr den Versand.<\/li><\/ol>\t\t\t\t\t\t\t\t<\/div>\n\t\t\t\t<\/div>\n\t\t\t\t<div class=\"elementor-element elementor-element-0b40201 elementor-widget elementor-widget-image\" data-id=\"0b40201\" data-element_type=\"widget\" data-e-type=\"widget\" data-widget_type=\"image.default\">\n\t\t\t\t<div class=\"elementor-widget-container\">\n\t\t\t\t\t\t\t\t\t\t\t\t\t\t\t<img decoding=\"async\" width=\"300\" height=\"81\" src=\"https:\/\/www.faschmidt.de\/wp-content\/uploads\/2025\/08\/Made-in-Germany_sign-300x81.png\" class=\"attachment-medium size-medium wp-image-3004\" alt=\"Hergestellt in Deutschland\" srcset=\"https:\/\/www.faschmidt.de\/wp-content\/uploads\/2025\/08\/Made-in-Germany_sign-300x81.png 300w, https:\/\/www.faschmidt.de\/wp-content\/uploads\/2025\/08\/Made-in-Germany_sign-150x40.png 150w, https:\/\/www.faschmidt.de\/wp-content\/uploads\/2025\/08\/Made-in-Germany_sign.png 512w\" sizes=\"(max-width: 300px) 100vw, 300px\" \/>\t\t\t\t\t\t\t\t\t\t\t\t\t\t\t<\/div>\n\t\t\t\t<\/div>\n\t\t\t\t<\/div>\n\t\t\t\t\t<\/div>\n\t\t\t\t<\/div>\n\t\t\t\t<\/div>\n\t\t","protected":false},"excerpt":{"rendered":"<p>Messeranpassungen PR\u00c4ZISIONSKLINGEN, MASSGESCHNEIDERT F\u00dcR JEDE FORM UND GR\u00d6SSE Wir sind auf die Herstellung kundenspezifischer Rotorbl\u00e4tter mit modernster Laserschneidtechnologie spezialisiert.Unsere erfahrenen Ingenieure unterst\u00fctzen Sie w\u00e4hrend des gesamten Prozesses, um sicherzustellen, dass jedes Rotorblatt Ihren genauen Spezifikationen entspricht \u2013 in Form, Gr\u00f6\u00dfe und Material.Vom Konzept bis zur Fertigstellung liefern wir Ihnen hochwertige, ma\u00dfgeschneiderte L\u00f6sungen. F\u00fcr Branchen wie [&hellip;]<\/p>\n","protected":false},"author":1,"featured_media":0,"parent":3092,"menu_order":90,"comment_status":"closed","ping_status":"closed","template":"elementor_header_footer","meta":{"footnotes":""},"class_list":["post-3110","page","type-page","status-publish","hentry"],"yoast_head":"<!-- This site is optimized with the Yoast SEO plugin v27.5 - https:\/\/yoast.com\/product\/yoast-seo-wordpress\/ -->\n<title>Messeranpassungen \u2013 Pr\u00e4zisionsklingen auf Bestellung<\/title>\n<meta name=\"description\" content=\"F.A. Schmidt ist Spezialist f\u00fcr die Individualisierung von Messern. Pr\u00e4zisionsklingen werden mit Lasertechnik nach Ihren Vorgaben gefertigt.\" \/>\n<meta name=\"robots\" content=\"index, follow, max-snippet:-1, max-image-preview:large, max-video-preview:-1\" \/>\n<link rel=\"canonical\" href=\"https:\/\/www.faschmidt.de\/de\/messeranpassungen\/\" \/>\n<meta property=\"og:locale\" content=\"de_DE\" \/>\n<meta property=\"og:type\" content=\"article\" \/>\n<meta property=\"og:title\" content=\"Messeranpassungen \u2013 Pr\u00e4zisionsklingen auf Bestellung\" \/>\n<meta property=\"og:description\" content=\"F.A. Schmidt ist Spezialist f\u00fcr die Individualisierung von Messern. Pr\u00e4zisionsklingen werden mit Lasertechnik nach Ihren Vorgaben gefertigt.\" \/>\n<meta property=\"og:url\" content=\"https:\/\/www.faschmidt.de\/de\/messeranpassungen\/\" \/>\n<meta property=\"og:site_name\" content=\"F.A. Schmidt Gmbh &amp; Co. KG\" \/>\n<meta property=\"article:publisher\" content=\"https:\/\/www.facebook.com\/maschinenmesser\/?locale=de_DE\" \/>\n<meta property=\"article:modified_time\" content=\"2025-10-20T08:13:47+00:00\" \/>\n<meta property=\"og:image\" content=\"https:\/\/www.faschmidt.de\/wp-content\/uploads\/2025\/08\/Knife-customization-3-768x542.jpg\" \/>\n<meta name=\"twitter:card\" content=\"summary_large_image\" \/>\n<meta name=\"twitter:label1\" content=\"Gesch\u00e4tzte Lesezeit\" \/>\n\t<meta name=\"twitter:data1\" content=\"1\u00a0Minute\" \/>\n<script type=\"application\/ld+json\" class=\"yoast-schema-graph\">{\"@context\":\"https:\\\/\\\/schema.org\",\"@graph\":[{\"@type\":\"WebPage\",\"@id\":\"https:\\\/\\\/www.faschmidt.de\\\/de\\\/messeranpassungen\\\/\",\"url\":\"https:\\\/\\\/www.faschmidt.de\\\/de\\\/messeranpassungen\\\/\",\"name\":\"Messeranpassungen \u2013 Pr\u00e4zisionsklingen auf Bestellung\",\"isPartOf\":{\"@id\":\"https:\\\/\\\/www.faschmidt.de\\\/de\\\/#website\"},\"primaryImageOfPage\":{\"@id\":\"https:\\\/\\\/www.faschmidt.de\\\/de\\\/messeranpassungen\\\/#primaryimage\"},\"image\":{\"@id\":\"https:\\\/\\\/www.faschmidt.de\\\/de\\\/messeranpassungen\\\/#primaryimage\"},\"thumbnailUrl\":\"https:\\\/\\\/www.faschmidt.de\\\/wp-content\\\/uploads\\\/2025\\\/08\\\/Knife-customization-3-768x542.jpg\",\"datePublished\":\"2025-06-23T11:08:23+00:00\",\"dateModified\":\"2025-10-20T08:13:47+00:00\",\"description\":\"F.A. Schmidt ist Spezialist f\u00fcr die Individualisierung von Messern. Pr\u00e4zisionsklingen werden mit Lasertechnik nach Ihren Vorgaben gefertigt.\",\"breadcrumb\":{\"@id\":\"https:\\\/\\\/www.faschmidt.de\\\/de\\\/messeranpassungen\\\/#breadcrumb\"},\"inLanguage\":\"de\",\"potentialAction\":[{\"@type\":\"ReadAction\",\"target\":[\"https:\\\/\\\/www.faschmidt.de\\\/de\\\/messeranpassungen\\\/\"]}]},{\"@type\":\"ImageObject\",\"inLanguage\":\"de\",\"@id\":\"https:\\\/\\\/www.faschmidt.de\\\/de\\\/messeranpassungen\\\/#primaryimage\",\"url\":\"https:\\\/\\\/www.faschmidt.de\\\/wp-content\\\/uploads\\\/2025\\\/08\\\/Knife-customization-3-768x542.jpg\",\"contentUrl\":\"https:\\\/\\\/www.faschmidt.de\\\/wp-content\\\/uploads\\\/2025\\\/08\\\/Knife-customization-3-768x542.jpg\"},{\"@type\":\"BreadcrumbList\",\"@id\":\"https:\\\/\\\/www.faschmidt.de\\\/de\\\/messeranpassungen\\\/#breadcrumb\",\"itemListElement\":[{\"@type\":\"ListItem\",\"position\":1,\"name\":\"Startseite\",\"item\":\"https:\\\/\\\/www.faschmidt.de\\\/de\\\/\"},{\"@type\":\"ListItem\",\"position\":2,\"name\":\"Produkte und Dienstleistungen\",\"item\":\"https:\\\/\\\/www.faschmidt.de\\\/de\\\/?page_id=3092\"},{\"@type\":\"ListItem\",\"position\":3,\"name\":\"Messeranpassungen\"}]},{\"@type\":\"WebSite\",\"@id\":\"https:\\\/\\\/www.faschmidt.de\\\/de\\\/#website\",\"url\":\"https:\\\/\\\/www.faschmidt.de\\\/de\\\/\",\"name\":\"F.A. Schmidt Gmbh & Co. KG\",\"description\":\"S\u00e4gen- und Maschinenmesserfabrik Remscheid\",\"publisher\":{\"@id\":\"https:\\\/\\\/www.faschmidt.de\\\/de\\\/#organization\"},\"potentialAction\":[{\"@type\":\"SearchAction\",\"target\":{\"@type\":\"EntryPoint\",\"urlTemplate\":\"https:\\\/\\\/www.faschmidt.de\\\/de\\\/?s={search_term_string}\"},\"query-input\":{\"@type\":\"PropertyValueSpecification\",\"valueRequired\":true,\"valueName\":\"search_term_string\"}}],\"inLanguage\":\"de\"},{\"@type\":\"Organization\",\"@id\":\"https:\\\/\\\/www.faschmidt.de\\\/de\\\/#organization\",\"name\":\"F.A. Schmidt Gmbh & Co. KG\",\"url\":\"https:\\\/\\\/www.faschmidt.de\\\/de\\\/\",\"logo\":{\"@type\":\"ImageObject\",\"inLanguage\":\"de\",\"@id\":\"https:\\\/\\\/www.faschmidt.de\\\/de\\\/#\\\/schema\\\/logo\\\/image\\\/\",\"url\":\"https:\\\/\\\/www.faschmidt.de\\\/wp-content\\\/uploads\\\/2025\\\/07\\\/Logo-2025_1024.png\",\"contentUrl\":\"https:\\\/\\\/www.faschmidt.de\\\/wp-content\\\/uploads\\\/2025\\\/07\\\/Logo-2025_1024.png\",\"width\":1024,\"height\":390,\"caption\":\"F.A. Schmidt Gmbh & Co. KG\"},\"image\":{\"@id\":\"https:\\\/\\\/www.faschmidt.de\\\/de\\\/#\\\/schema\\\/logo\\\/image\\\/\"},\"sameAs\":[\"https:\\\/\\\/www.facebook.com\\\/maschinenmesser\\\/?locale=de_DE\",\"https:\\\/\\\/www.instagram.com\\\/faschmidt25\\\/\",\"https:\\\/\\\/de.linkedin.com\\\/company\\\/faschmidt\"]}]}<\/script>\n<!-- \/ Yoast SEO plugin. -->","yoast_head_json":{"title":"Messeranpassungen \u2013 Pr\u00e4zisionsklingen auf Bestellung","description":"F.A. Schmidt ist Spezialist f\u00fcr die Individualisierung von Messern. Pr\u00e4zisionsklingen werden mit Lasertechnik nach Ihren Vorgaben gefertigt.","robots":{"index":"index","follow":"follow","max-snippet":"max-snippet:-1","max-image-preview":"max-image-preview:large","max-video-preview":"max-video-preview:-1"},"canonical":"https:\/\/www.faschmidt.de\/de\/messeranpassungen\/","og_locale":"de_DE","og_type":"article","og_title":"Messeranpassungen \u2013 Pr\u00e4zisionsklingen auf Bestellung","og_description":"F.A. Schmidt ist Spezialist f\u00fcr die Individualisierung von Messern. Pr\u00e4zisionsklingen werden mit Lasertechnik nach Ihren Vorgaben gefertigt.","og_url":"https:\/\/www.faschmidt.de\/de\/messeranpassungen\/","og_site_name":"F.A. Schmidt Gmbh &amp; Co. KG","article_publisher":"https:\/\/www.facebook.com\/maschinenmesser\/?locale=de_DE","article_modified_time":"2025-10-20T08:13:47+00:00","og_image":[{"url":"https:\/\/www.faschmidt.de\/wp-content\/uploads\/2025\/08\/Knife-customization-3-768x542.jpg","type":"","width":"","height":""}],"twitter_card":"summary_large_image","twitter_misc":{"Gesch\u00e4tzte Lesezeit":"1\u00a0Minute"},"schema":{"@context":"https:\/\/schema.org","@graph":[{"@type":"WebPage","@id":"https:\/\/www.faschmidt.de\/de\/messeranpassungen\/","url":"https:\/\/www.faschmidt.de\/de\/messeranpassungen\/","name":"Messeranpassungen \u2013 Pr\u00e4zisionsklingen auf Bestellung","isPartOf":{"@id":"https:\/\/www.faschmidt.de\/de\/#website"},"primaryImageOfPage":{"@id":"https:\/\/www.faschmidt.de\/de\/messeranpassungen\/#primaryimage"},"image":{"@id":"https:\/\/www.faschmidt.de\/de\/messeranpassungen\/#primaryimage"},"thumbnailUrl":"https:\/\/www.faschmidt.de\/wp-content\/uploads\/2025\/08\/Knife-customization-3-768x542.jpg","datePublished":"2025-06-23T11:08:23+00:00","dateModified":"2025-10-20T08:13:47+00:00","description":"F.A. Schmidt ist Spezialist f\u00fcr die Individualisierung von Messern. Pr\u00e4zisionsklingen werden mit Lasertechnik nach Ihren Vorgaben gefertigt.","breadcrumb":{"@id":"https:\/\/www.faschmidt.de\/de\/messeranpassungen\/#breadcrumb"},"inLanguage":"de","potentialAction":[{"@type":"ReadAction","target":["https:\/\/www.faschmidt.de\/de\/messeranpassungen\/"]}]},{"@type":"ImageObject","inLanguage":"de","@id":"https:\/\/www.faschmidt.de\/de\/messeranpassungen\/#primaryimage","url":"https:\/\/www.faschmidt.de\/wp-content\/uploads\/2025\/08\/Knife-customization-3-768x542.jpg","contentUrl":"https:\/\/www.faschmidt.de\/wp-content\/uploads\/2025\/08\/Knife-customization-3-768x542.jpg"},{"@type":"BreadcrumbList","@id":"https:\/\/www.faschmidt.de\/de\/messeranpassungen\/#breadcrumb","itemListElement":[{"@type":"ListItem","position":1,"name":"Startseite","item":"https:\/\/www.faschmidt.de\/de\/"},{"@type":"ListItem","position":2,"name":"Produkte und Dienstleistungen","item":"https:\/\/www.faschmidt.de\/de\/?page_id=3092"},{"@type":"ListItem","position":3,"name":"Messeranpassungen"}]},{"@type":"WebSite","@id":"https:\/\/www.faschmidt.de\/de\/#website","url":"https:\/\/www.faschmidt.de\/de\/","name":"F.A. Schmidt Gmbh & Co. KG","description":"S\u00e4gen- und Maschinenmesserfabrik Remscheid","publisher":{"@id":"https:\/\/www.faschmidt.de\/de\/#organization"},"potentialAction":[{"@type":"SearchAction","target":{"@type":"EntryPoint","urlTemplate":"https:\/\/www.faschmidt.de\/de\/?s={search_term_string}"},"query-input":{"@type":"PropertyValueSpecification","valueRequired":true,"valueName":"search_term_string"}}],"inLanguage":"de"},{"@type":"Organization","@id":"https:\/\/www.faschmidt.de\/de\/#organization","name":"F.A. Schmidt Gmbh & Co. KG","url":"https:\/\/www.faschmidt.de\/de\/","logo":{"@type":"ImageObject","inLanguage":"de","@id":"https:\/\/www.faschmidt.de\/de\/#\/schema\/logo\/image\/","url":"https:\/\/www.faschmidt.de\/wp-content\/uploads\/2025\/07\/Logo-2025_1024.png","contentUrl":"https:\/\/www.faschmidt.de\/wp-content\/uploads\/2025\/07\/Logo-2025_1024.png","width":1024,"height":390,"caption":"F.A. Schmidt Gmbh & Co. KG"},"image":{"@id":"https:\/\/www.faschmidt.de\/de\/#\/schema\/logo\/image\/"},"sameAs":["https:\/\/www.facebook.com\/maschinenmesser\/?locale=de_DE","https:\/\/www.instagram.com\/faschmidt25\/","https:\/\/de.linkedin.com\/company\/faschmidt"]}]}},"_links":{"self":[{"href":"https:\/\/www.faschmidt.de\/de\/wp-json\/wp\/v2\/pages\/3110","targetHints":{"allow":["GET"]}}],"collection":[{"href":"https:\/\/www.faschmidt.de\/de\/wp-json\/wp\/v2\/pages"}],"about":[{"href":"https:\/\/www.faschmidt.de\/de\/wp-json\/wp\/v2\/types\/page"}],"author":[{"embeddable":true,"href":"https:\/\/www.faschmidt.de\/de\/wp-json\/wp\/v2\/users\/1"}],"replies":[{"embeddable":true,"href":"https:\/\/www.faschmidt.de\/de\/wp-json\/wp\/v2\/comments?post=3110"}],"version-history":[{"count":2,"href":"https:\/\/www.faschmidt.de\/de\/wp-json\/wp\/v2\/pages\/3110\/revisions"}],"predecessor-version":[{"id":3176,"href":"https:\/\/www.faschmidt.de\/de\/wp-json\/wp\/v2\/pages\/3110\/revisions\/3176"}],"up":[{"embeddable":true,"href":"https:\/\/www.faschmidt.de\/de\/wp-json\/wp\/v2\/pages\/3092"}],"wp:attachment":[{"href":"https:\/\/www.faschmidt.de\/de\/wp-json\/wp\/v2\/media?parent=3110"}],"curies":[{"name":"wp","href":"https:\/\/api.w.org\/{rel}","templated":true}]}}