{"id":3108,"date":"2025-06-23T13:08:13","date_gmt":"2025-06-23T11:08:13","guid":{"rendered":"https:\/\/www.faschmidt.de\/nachschleifservice\/"},"modified":"2025-10-20T10:13:56","modified_gmt":"2025-10-20T08:13:56","slug":"nachschleifservice","status":"publish","type":"page","link":"https:\/\/www.faschmidt.de\/de\/nachschleifservice\/","title":{"rendered":"Nachschleifservice"},"content":{"rendered":"\t\t<div data-elementor-type=\"wp-page\" data-elementor-id=\"3108\" class=\"elementor elementor-3108 elementor-845\" data-elementor-post-type=\"page\">\n\t\t\t\t<div class=\"elementor-element elementor-element-db2a56d e-con-full animated-slow e-flex elementor-invisible e-con e-parent\" data-id=\"db2a56d\" data-element_type=\"container\" data-e-type=\"container\" data-settings=\"{&quot;background_background&quot;:&quot;video&quot;,&quot;background_motion_fx_translateY_effect&quot;:&quot;yes&quot;,&quot;jet_parallax_layout_list&quot;:[],&quot;background_video_link&quot;:&quot;https:\\\/\\\/www.faschmidt.de\\\/wp-content\\\/uploads\\\/2025\\\/09\\\/regrinding-service.mp4&quot;,&quot;animation&quot;:&quot;fadeIn&quot;,&quot;background_play_on_mobile&quot;:&quot;yes&quot;,&quot;background_motion_fx_translateY_speed&quot;:{&quot;unit&quot;:&quot;px&quot;,&quot;size&quot;:4,&quot;sizes&quot;:[]},&quot;background_motion_fx_translateY_affectedRange&quot;:{&quot;unit&quot;:&quot;%&quot;,&quot;size&quot;:&quot;&quot;,&quot;sizes&quot;:{&quot;start&quot;:0,&quot;end&quot;:100}},&quot;background_motion_fx_devices&quot;:[&quot;desktop&quot;,&quot;tablet&quot;,&quot;mobile&quot;]}\">\n\t\t<div class=\"elementor-background-video-container\">\n\t\t\t\t\t\t\t<video class=\"elementor-background-video-hosted\" role=\"presentation\" autoplay muted playsinline loop><\/video>\n\t\t\t\t\t<\/div>\t\t<div class=\"elementor-element elementor-element-1e1b354 elementor-widget elementor-widget-heading\" data-id=\"1e1b354\" data-element_type=\"widget\" data-e-type=\"widget\" data-widget_type=\"heading.default\">\n\t\t\t\t<div class=\"elementor-widget-container\">\n\t\t\t\t\t<h1 class=\"elementor-heading-title elementor-size-default\">Nachschleifservice<\/h1>\t\t\t\t<\/div>\n\t\t\t\t<\/div>\n\t\t\t\t<div class=\"elementor-element elementor-element-64758f4 elementor-widget-divider--view-line elementor-widget elementor-widget-divider\" data-id=\"64758f4\" data-element_type=\"widget\" data-e-type=\"widget\" data-widget_type=\"divider.default\">\n\t\t\t\t<div class=\"elementor-widget-container\">\n\t\t\t\t\t\t\t<div class=\"elementor-divider\">\n\t\t\t<span class=\"elementor-divider-separator\">\n\t\t\t\t\t\t<\/span>\n\t\t<\/div>\n\t\t\t\t\t\t<\/div>\n\t\t\t\t<\/div>\n\t\t\t\t<\/div>\n\t\t<div class=\"elementor-element elementor-element-5b9dab2 e-flex e-con-boxed e-con e-parent\" data-id=\"5b9dab2\" data-element_type=\"container\" data-e-type=\"container\" data-settings=\"{&quot;background_background&quot;:&quot;classic&quot;,&quot;jet_parallax_layout_list&quot;:[]}\">\n\t\t\t\t\t<div class=\"e-con-inner\">\n\t\t<div class=\"elementor-element elementor-element-ca3ea6c e-con-full e-flex e-con e-child\" data-id=\"ca3ea6c\" data-element_type=\"container\" data-e-type=\"container\" data-settings=\"{&quot;background_background&quot;:&quot;classic&quot;,&quot;background_motion_fx_motion_fx_scrolling&quot;:&quot;yes&quot;,&quot;background_motion_fx_translateY_effect&quot;:&quot;yes&quot;,&quot;jet_parallax_layout_list&quot;:[],&quot;background_motion_fx_translateY_speed&quot;:{&quot;unit&quot;:&quot;px&quot;,&quot;size&quot;:4,&quot;sizes&quot;:[]},&quot;background_motion_fx_translateY_affectedRange&quot;:{&quot;unit&quot;:&quot;%&quot;,&quot;size&quot;:&quot;&quot;,&quot;sizes&quot;:{&quot;start&quot;:0,&quot;end&quot;:100}},&quot;background_motion_fx_devices&quot;:[&quot;desktop&quot;,&quot;tablet&quot;,&quot;mobile&quot;]}\">\n\t\t\t\t<div class=\"elementor-element elementor-element-410b8fa elementor-widget elementor-widget-image-carousel\" data-id=\"410b8fa\" data-element_type=\"widget\" data-e-type=\"widget\" data-settings=\"{&quot;slides_to_show&quot;:&quot;1&quot;,&quot;navigation&quot;:&quot;none&quot;,&quot;autoplay&quot;:&quot;yes&quot;,&quot;pause_on_hover&quot;:&quot;yes&quot;,&quot;pause_on_interaction&quot;:&quot;yes&quot;,&quot;autoplay_speed&quot;:5000,&quot;infinite&quot;:&quot;yes&quot;,&quot;effect&quot;:&quot;slide&quot;,&quot;speed&quot;:500}\" data-widget_type=\"image-carousel.default\">\n\t\t\t\t<div class=\"elementor-widget-container\">\n\t\t\t\t\t\t\t<div class=\"elementor-image-carousel-wrapper swiper\" role=\"region\" aria-roledescription=\"carousel\" aria-label=\"Bild Karussell\" dir=\"ltr\">\n\t\t\t<div class=\"elementor-image-carousel swiper-wrapper\" aria-live=\"off\">\n\t\t\t\t\t\t\t\t<div class=\"swiper-slide\" role=\"group\" aria-roledescription=\"slide\" aria-label=\"1 von 1\"><figure class=\"swiper-slide-inner\"><img decoding=\"async\" class=\"swiper-slide-image\" src=\"https:\/\/www.faschmidt.de\/wp-content\/uploads\/2025\/08\/Regrinding-Service_83037009-768x512.jpg\" alt=\"Nachschleifservice\" \/><\/figure><\/div>\t\t\t<\/div>\n\t\t\t\t\t<\/div>\n\t\t\t\t\t\t<\/div>\n\t\t\t\t<\/div>\n\t\t\t\t<\/div>\n\t\t<div class=\"elementor-element elementor-element-f8b742e e-con-full e-flex e-con e-child\" data-id=\"f8b742e\" data-element_type=\"container\" data-e-type=\"container\" data-settings=\"{&quot;background_background&quot;:&quot;classic&quot;,&quot;jet_parallax_layout_list&quot;:[]}\">\n\t\t\t\t<div class=\"elementor-element elementor-element-d205f4d elementor-widget elementor-widget-heading\" data-id=\"d205f4d\" data-element_type=\"widget\" data-e-type=\"widget\" data-widget_type=\"heading.default\">\n\t\t\t\t<div class=\"elementor-widget-container\">\n\t\t\t\t\t<h2 class=\"elementor-heading-title elementor-size-default\">Nachschleifservice<\/h2>\t\t\t\t<\/div>\n\t\t\t\t<\/div>\n\t\t\t\t<div class=\"elementor-element elementor-element-c66001d elementor-widget elementor-widget-text-editor\" data-id=\"c66001d\" data-element_type=\"widget\" data-e-type=\"widget\" data-widget_type=\"text-editor.default\">\n\t\t\t\t<div class=\"elementor-widget-container\">\n\t\t\t\t\t\t\t\t\t<p>Bei der F.A. Schmidt GmbH &amp; Co. KG fertigen wir nicht nur hochwertige Industriemesser, sondern sorgen auch daf\u00fcr, dass sie \u00fcber ihre gesamte Lebensdauer hinweg ihre Spitzenleistung behalten.<br>Unser professionelles Nachschleifteam stellt die urspr\u00fcngliche Sch\u00e4rfe und Pr\u00e4zision Ihrer Messer wieder her, verl\u00e4ngert so ihre Lebensdauer und senkt die Gesamtbetriebskosten.<\/p><p>Wir schleifen Messer aller Art nach \u2013 von Langmessern und Rundmessern bis hin zu kundenspezifischen Schneidwerkzeugen.<br>Mit modernster Schleiftechnologie und jahrzehntelanger Erfahrung garantieren wir gleichbleibende Qualit\u00e4t und enge Toleranzen, abgestimmt auf Ihre Produktionsanforderungen.<\/p>\t\t\t\t\t\t\t\t<\/div>\n\t\t\t\t<\/div>\n\t\t\t\t<\/div>\n\t\t<div class=\"elementor-element elementor-element-c3863ba e-con-full e-flex e-con e-child\" data-id=\"c3863ba\" data-element_type=\"container\" data-e-type=\"container\" data-settings=\"{&quot;background_background&quot;:&quot;classic&quot;,&quot;jet_parallax_layout_list&quot;:[]}\">\n\t\t\t\t<div class=\"elementor-element elementor-element-450cb48 elementor-widget elementor-widget-text-editor\" data-id=\"450cb48\" data-element_type=\"widget\" data-e-type=\"widget\" data-widget_type=\"text-editor.default\">\n\t\t\t\t<div class=\"elementor-widget-container\">\n\t\t\t\t\t\t\t\t\t<p style=\"font-weight: 400;\">Wir bedienen alle wichtigen Branchen:<\/p><ul><li style=\"font-weight: 400;\">Lebensmittelindustrie \u2013 Fleisch, Fisch, Backwaren, Milchprodukte<\/li><li style=\"font-weight: 400;\">Verpackungsindustrie \u2013 Film, Folie, Papier, Kunststoff<\/li><li style=\"font-weight: 400;\">Holzindustrie \u2013 S\u00e4gewerk, Plattenbau, M\u00f6bel<\/li><li style=\"font-weight: 400;\">Recyclingindustrie \u2013 Kunststoffe, Gummi, Metall<\/li><li style=\"font-weight: 400;\">Textilien und Vliesstoffe \u2013 Schneid- und Schlitzanwendungen<\/li><li style=\"font-weight: 400;\">Papier- und Druckindustrie \u2013 Querschneider, Trimmer, L\u00e4ngsschneider<\/li><\/ul><p>Mit unserem Nachschleifservice setzen Sie auf F.A. Schmidt als langfristigen Partner f\u00fcr Effizienz, Nachhaltigkeit und H\u00f6chstleistung in Ihrer Produktion.<\/p>\t\t\t\t\t\t\t\t<\/div>\n\t\t\t\t<\/div>\n\t\t\t\t<div class=\"elementor-element elementor-element-e9fe2b7 elementor-widget elementor-widget-image\" data-id=\"e9fe2b7\" data-element_type=\"widget\" data-e-type=\"widget\" data-widget_type=\"image.default\">\n\t\t\t\t<div class=\"elementor-widget-container\">\n\t\t\t\t\t\t\t\t\t\t\t\t\t\t\t<img decoding=\"async\" width=\"300\" height=\"81\" src=\"https:\/\/www.faschmidt.de\/wp-content\/uploads\/2025\/08\/Made-in-Germany_sign-300x81.png\" class=\"attachment-medium size-medium wp-image-3004\" alt=\"Hergestellt in Deutschland\" srcset=\"https:\/\/www.faschmidt.de\/wp-content\/uploads\/2025\/08\/Made-in-Germany_sign-300x81.png 300w, https:\/\/www.faschmidt.de\/wp-content\/uploads\/2025\/08\/Made-in-Germany_sign-150x40.png 150w, https:\/\/www.faschmidt.de\/wp-content\/uploads\/2025\/08\/Made-in-Germany_sign.png 512w\" sizes=\"(max-width: 300px) 100vw, 300px\" \/>\t\t\t\t\t\t\t\t\t\t\t\t\t\t\t<\/div>\n\t\t\t\t<\/div>\n\t\t\t\t<\/div>\n\t\t<div class=\"elementor-element elementor-element-fe628cf e-con-full elementor-hidden-desktop elementor-hidden-tablet elementor-hidden-mobile e-flex e-con e-child\" data-id=\"fe628cf\" data-element_type=\"container\" data-e-type=\"container\" data-settings=\"{&quot;background_background&quot;:&quot;classic&quot;,&quot;jet_parallax_layout_list&quot;:[]}\">\n\t\t<div class=\"elementor-element elementor-element-c20ac6f e-con-full e-flex e-con e-child\" data-id=\"c20ac6f\" data-element_type=\"container\" data-e-type=\"container\" data-settings=\"{&quot;jet_parallax_layout_list&quot;:[]}\">\n\t\t\t\t<div class=\"elementor-element elementor-element-66722eb elementor-widget elementor-widget-heading\" data-id=\"66722eb\" data-element_type=\"widget\" data-e-type=\"widget\" data-widget_type=\"heading.default\">\n\t\t\t\t<div class=\"elementor-widget-container\">\n\t\t\t\t\t<h2 class=\"elementor-heading-title elementor-size-default\">Produktbl\u00e4tter herunterladen\n<\/h2>\t\t\t\t<\/div>\n\t\t\t\t<\/div>\n\t\t\t\t<\/div>\n\t\t<div class=\"elementor-element elementor-element-c5d57ec e-con-full e-flex e-con e-child\" data-id=\"c5d57ec\" data-element_type=\"container\" data-e-type=\"container\" data-settings=\"{&quot;jet_parallax_layout_list&quot;:[]}\">\n\t\t\t\t<div class=\"elementor-element elementor-element-3ff3f53 elementor-icon-list--layout-traditional elementor-list-item-link-full_width elementor-widget elementor-widget-icon-list\" data-id=\"3ff3f53\" data-element_type=\"widget\" data-e-type=\"widget\" data-widget_type=\"icon-list.default\">\n\t\t\t\t<div class=\"elementor-widget-container\">\n\t\t\t\t\t\t\t<ul class=\"elementor-icon-list-items\">\n\t\t\t\t\t\t\t<li class=\"elementor-icon-list-item\">\n\t\t\t\t\t\t\t\t\t\t\t<a href=\"https:\/\/www.faschmidt.de\/wp-content\/uploads\/2025\/08\/Sawblade-500x21-1.pdf\" target=\"_blank\">\n\n\t\t\t\t\t\t\t\t\t\t\t\t<span class=\"elementor-icon-list-icon\">\n\t\t\t\t\t\t\t<svg aria-hidden=\"true\" class=\"e-font-icon-svg e-fas-download\" viewBox=\"0 0 512 512\" xmlns=\"http:\/\/www.w3.org\/2000\/svg\"><path d=\"M216 0h80c13.3 0 24 10.7 24 24v168h87.7c17.8 0 26.7 21.5 14.1 34.1L269.7 378.3c-7.5 7.5-19.8 7.5-27.3 0L90.1 226.1c-12.6-12.6-3.7-34.1 14.1-34.1H192V24c0-13.3 10.7-24 24-24zm296 376v112c0 13.3-10.7 24-24 24H24c-13.3 0-24-10.7-24-24V376c0-13.3 10.7-24 24-24h146.7l49 49c20.1 20.1 52.5 20.1 72.6 0l49-49H488c13.3 0 24 10.7 24 24zm-124 88c0-11-9-20-20-20s-20 9-20 20 9 20 20 20 20-9 20-20zm64 0c0-11-9-20-20-20s-20 9-20 20 9 20 20 20 20-9 20-20z\"><\/path><\/svg>\t\t\t\t\t\t<\/span>\n\t\t\t\t\t\t\t\t\t\t<span class=\"elementor-icon-list-text\">PDF-Download<\/span>\n\t\t\t\t\t\t\t\t\t\t\t<\/a>\n\t\t\t\t\t\t\t\t\t<\/li>\n\t\t\t\t\t\t<\/ul>\n\t\t\t\t\t\t<\/div>\n\t\t\t\t<\/div>\n\t\t\t\t<\/div>\n\t\t\t\t<\/div>\n\t\t\t\t\t<\/div>\n\t\t\t\t<\/div>\n\t\t\t\t<\/div>\n\t\t","protected":false},"excerpt":{"rendered":"<p>Nachschleifservice Nachschleifservice Bei der F.A. Schmidt GmbH &amp; Co. KG fertigen wir nicht nur hochwertige Industriemesser, sondern sorgen auch daf\u00fcr, dass sie \u00fcber ihre gesamte Lebensdauer hinweg ihre Spitzenleistung behalten.Unser professionelles Nachschleifteam stellt die urspr\u00fcngliche Sch\u00e4rfe und Pr\u00e4zision Ihrer Messer wieder her, verl\u00e4ngert so ihre Lebensdauer und senkt die Gesamtbetriebskosten. Wir schleifen Messer aller Art [&hellip;]<\/p>\n","protected":false},"author":1,"featured_media":0,"parent":3092,"menu_order":80,"comment_status":"closed","ping_status":"closed","template":"elementor_header_footer","meta":{"footnotes":""},"class_list":["post-3108","page","type-page","status-publish","hentry"],"yoast_head":"<!-- This site is optimized with the Yoast SEO plugin v27.5 - https:\/\/yoast.com\/product\/yoast-seo-wordpress\/ -->\n<title>Nachschleifservice \u2013 F.A. Schmidt Remscheid<\/title>\n<meta name=\"description\" content=\"F.A. Schmidt bietet professionelles Nachschleifen von Messern an \u2013 und stellt so die urspr\u00fcngliche Sch\u00e4rfe von geraden, runden und kundenspezifischen Industriemessern wieder her.\" \/>\n<meta name=\"robots\" content=\"index, follow, max-snippet:-1, max-image-preview:large, max-video-preview:-1\" \/>\n<link rel=\"canonical\" href=\"https:\/\/www.faschmidt.de\/de\/nachschleifservice\/\" \/>\n<meta property=\"og:locale\" content=\"de_DE\" \/>\n<meta property=\"og:type\" content=\"article\" \/>\n<meta property=\"og:title\" content=\"Nachschleifservice \u2013 F.A. Schmidt Remscheid\" \/>\n<meta property=\"og:description\" content=\"F.A. Schmidt bietet professionelles Nachschleifen von Messern an \u2013 und stellt so die urspr\u00fcngliche Sch\u00e4rfe von geraden, runden und kundenspezifischen Industriemessern wieder her.\" \/>\n<meta property=\"og:url\" content=\"https:\/\/www.faschmidt.de\/de\/nachschleifservice\/\" \/>\n<meta property=\"og:site_name\" content=\"F.A. Schmidt Gmbh &amp; Co. KG\" \/>\n<meta property=\"article:publisher\" content=\"https:\/\/www.facebook.com\/maschinenmesser\/?locale=de_DE\" \/>\n<meta property=\"article:modified_time\" content=\"2025-10-20T08:13:56+00:00\" \/>\n<meta property=\"og:image\" content=\"https:\/\/www.faschmidt.de\/wp-content\/uploads\/2025\/08\/Regrinding-Service_83037009-768x512.jpg\" \/>\n<meta name=\"twitter:card\" content=\"summary_large_image\" \/>\n<meta name=\"twitter:label1\" content=\"Gesch\u00e4tzte Lesezeit\" \/>\n\t<meta name=\"twitter:data1\" content=\"1\u00a0Minute\" \/>\n<script type=\"application\/ld+json\" class=\"yoast-schema-graph\">{\"@context\":\"https:\\\/\\\/schema.org\",\"@graph\":[{\"@type\":\"WebPage\",\"@id\":\"https:\\\/\\\/www.faschmidt.de\\\/de\\\/nachschleifservice\\\/\",\"url\":\"https:\\\/\\\/www.faschmidt.de\\\/de\\\/nachschleifservice\\\/\",\"name\":\"Nachschleifservice \u2013 F.A. Schmidt Remscheid\",\"isPartOf\":{\"@id\":\"https:\\\/\\\/www.faschmidt.de\\\/de\\\/#website\"},\"primaryImageOfPage\":{\"@id\":\"https:\\\/\\\/www.faschmidt.de\\\/de\\\/nachschleifservice\\\/#primaryimage\"},\"image\":{\"@id\":\"https:\\\/\\\/www.faschmidt.de\\\/de\\\/nachschleifservice\\\/#primaryimage\"},\"thumbnailUrl\":\"https:\\\/\\\/www.faschmidt.de\\\/wp-content\\\/uploads\\\/2025\\\/08\\\/Regrinding-Service_83037009-768x512.jpg\",\"datePublished\":\"2025-06-23T11:08:13+00:00\",\"dateModified\":\"2025-10-20T08:13:56+00:00\",\"description\":\"F.A. Schmidt bietet professionelles Nachschleifen von Messern an \u2013 und stellt so die urspr\u00fcngliche Sch\u00e4rfe von geraden, runden und kundenspezifischen Industriemessern wieder her.\",\"breadcrumb\":{\"@id\":\"https:\\\/\\\/www.faschmidt.de\\\/de\\\/nachschleifservice\\\/#breadcrumb\"},\"inLanguage\":\"de\",\"potentialAction\":[{\"@type\":\"ReadAction\",\"target\":[\"https:\\\/\\\/www.faschmidt.de\\\/de\\\/nachschleifservice\\\/\"]}]},{\"@type\":\"ImageObject\",\"inLanguage\":\"de\",\"@id\":\"https:\\\/\\\/www.faschmidt.de\\\/de\\\/nachschleifservice\\\/#primaryimage\",\"url\":\"https:\\\/\\\/www.faschmidt.de\\\/wp-content\\\/uploads\\\/2025\\\/08\\\/Regrinding-Service_83037009-768x512.jpg\",\"contentUrl\":\"https:\\\/\\\/www.faschmidt.de\\\/wp-content\\\/uploads\\\/2025\\\/08\\\/Regrinding-Service_83037009-768x512.jpg\"},{\"@type\":\"BreadcrumbList\",\"@id\":\"https:\\\/\\\/www.faschmidt.de\\\/de\\\/nachschleifservice\\\/#breadcrumb\",\"itemListElement\":[{\"@type\":\"ListItem\",\"position\":1,\"name\":\"Startseite\",\"item\":\"https:\\\/\\\/www.faschmidt.de\\\/de\\\/\"},{\"@type\":\"ListItem\",\"position\":2,\"name\":\"Produkte und Dienstleistungen\",\"item\":\"https:\\\/\\\/www.faschmidt.de\\\/de\\\/?page_id=3092\"},{\"@type\":\"ListItem\",\"position\":3,\"name\":\"Nachschleifservice\"}]},{\"@type\":\"WebSite\",\"@id\":\"https:\\\/\\\/www.faschmidt.de\\\/de\\\/#website\",\"url\":\"https:\\\/\\\/www.faschmidt.de\\\/de\\\/\",\"name\":\"F.A. Schmidt Gmbh & Co. KG\",\"description\":\"S\u00e4gen- und Maschinenmesserfabrik Remscheid\",\"publisher\":{\"@id\":\"https:\\\/\\\/www.faschmidt.de\\\/de\\\/#organization\"},\"potentialAction\":[{\"@type\":\"SearchAction\",\"target\":{\"@type\":\"EntryPoint\",\"urlTemplate\":\"https:\\\/\\\/www.faschmidt.de\\\/de\\\/?s={search_term_string}\"},\"query-input\":{\"@type\":\"PropertyValueSpecification\",\"valueRequired\":true,\"valueName\":\"search_term_string\"}}],\"inLanguage\":\"de\"},{\"@type\":\"Organization\",\"@id\":\"https:\\\/\\\/www.faschmidt.de\\\/de\\\/#organization\",\"name\":\"F.A. Schmidt Gmbh & Co. KG\",\"url\":\"https:\\\/\\\/www.faschmidt.de\\\/de\\\/\",\"logo\":{\"@type\":\"ImageObject\",\"inLanguage\":\"de\",\"@id\":\"https:\\\/\\\/www.faschmidt.de\\\/de\\\/#\\\/schema\\\/logo\\\/image\\\/\",\"url\":\"https:\\\/\\\/www.faschmidt.de\\\/wp-content\\\/uploads\\\/2025\\\/07\\\/Logo-2025_1024.png\",\"contentUrl\":\"https:\\\/\\\/www.faschmidt.de\\\/wp-content\\\/uploads\\\/2025\\\/07\\\/Logo-2025_1024.png\",\"width\":1024,\"height\":390,\"caption\":\"F.A. Schmidt Gmbh & Co. KG\"},\"image\":{\"@id\":\"https:\\\/\\\/www.faschmidt.de\\\/de\\\/#\\\/schema\\\/logo\\\/image\\\/\"},\"sameAs\":[\"https:\\\/\\\/www.facebook.com\\\/maschinenmesser\\\/?locale=de_DE\",\"https:\\\/\\\/www.instagram.com\\\/faschmidt25\\\/\",\"https:\\\/\\\/de.linkedin.com\\\/company\\\/faschmidt\"]}]}<\/script>\n<!-- \/ Yoast SEO plugin. -->","yoast_head_json":{"title":"Nachschleifservice \u2013 F.A. Schmidt Remscheid","description":"F.A. Schmidt bietet professionelles Nachschleifen von Messern an \u2013 und stellt so die urspr\u00fcngliche Sch\u00e4rfe von geraden, runden und kundenspezifischen Industriemessern wieder her.","robots":{"index":"index","follow":"follow","max-snippet":"max-snippet:-1","max-image-preview":"max-image-preview:large","max-video-preview":"max-video-preview:-1"},"canonical":"https:\/\/www.faschmidt.de\/de\/nachschleifservice\/","og_locale":"de_DE","og_type":"article","og_title":"Nachschleifservice \u2013 F.A. Schmidt Remscheid","og_description":"F.A. Schmidt bietet professionelles Nachschleifen von Messern an \u2013 und stellt so die urspr\u00fcngliche Sch\u00e4rfe von geraden, runden und kundenspezifischen Industriemessern wieder her.","og_url":"https:\/\/www.faschmidt.de\/de\/nachschleifservice\/","og_site_name":"F.A. Schmidt Gmbh &amp; Co. KG","article_publisher":"https:\/\/www.facebook.com\/maschinenmesser\/?locale=de_DE","article_modified_time":"2025-10-20T08:13:56+00:00","og_image":[{"url":"https:\/\/www.faschmidt.de\/wp-content\/uploads\/2025\/08\/Regrinding-Service_83037009-768x512.jpg","type":"","width":"","height":""}],"twitter_card":"summary_large_image","twitter_misc":{"Gesch\u00e4tzte Lesezeit":"1\u00a0Minute"},"schema":{"@context":"https:\/\/schema.org","@graph":[{"@type":"WebPage","@id":"https:\/\/www.faschmidt.de\/de\/nachschleifservice\/","url":"https:\/\/www.faschmidt.de\/de\/nachschleifservice\/","name":"Nachschleifservice \u2013 F.A. Schmidt Remscheid","isPartOf":{"@id":"https:\/\/www.faschmidt.de\/de\/#website"},"primaryImageOfPage":{"@id":"https:\/\/www.faschmidt.de\/de\/nachschleifservice\/#primaryimage"},"image":{"@id":"https:\/\/www.faschmidt.de\/de\/nachschleifservice\/#primaryimage"},"thumbnailUrl":"https:\/\/www.faschmidt.de\/wp-content\/uploads\/2025\/08\/Regrinding-Service_83037009-768x512.jpg","datePublished":"2025-06-23T11:08:13+00:00","dateModified":"2025-10-20T08:13:56+00:00","description":"F.A. Schmidt bietet professionelles Nachschleifen von Messern an \u2013 und stellt so die urspr\u00fcngliche Sch\u00e4rfe von geraden, runden und kundenspezifischen Industriemessern wieder her.","breadcrumb":{"@id":"https:\/\/www.faschmidt.de\/de\/nachschleifservice\/#breadcrumb"},"inLanguage":"de","potentialAction":[{"@type":"ReadAction","target":["https:\/\/www.faschmidt.de\/de\/nachschleifservice\/"]}]},{"@type":"ImageObject","inLanguage":"de","@id":"https:\/\/www.faschmidt.de\/de\/nachschleifservice\/#primaryimage","url":"https:\/\/www.faschmidt.de\/wp-content\/uploads\/2025\/08\/Regrinding-Service_83037009-768x512.jpg","contentUrl":"https:\/\/www.faschmidt.de\/wp-content\/uploads\/2025\/08\/Regrinding-Service_83037009-768x512.jpg"},{"@type":"BreadcrumbList","@id":"https:\/\/www.faschmidt.de\/de\/nachschleifservice\/#breadcrumb","itemListElement":[{"@type":"ListItem","position":1,"name":"Startseite","item":"https:\/\/www.faschmidt.de\/de\/"},{"@type":"ListItem","position":2,"name":"Produkte und Dienstleistungen","item":"https:\/\/www.faschmidt.de\/de\/?page_id=3092"},{"@type":"ListItem","position":3,"name":"Nachschleifservice"}]},{"@type":"WebSite","@id":"https:\/\/www.faschmidt.de\/de\/#website","url":"https:\/\/www.faschmidt.de\/de\/","name":"F.A. Schmidt Gmbh & Co. KG","description":"S\u00e4gen- und Maschinenmesserfabrik Remscheid","publisher":{"@id":"https:\/\/www.faschmidt.de\/de\/#organization"},"potentialAction":[{"@type":"SearchAction","target":{"@type":"EntryPoint","urlTemplate":"https:\/\/www.faschmidt.de\/de\/?s={search_term_string}"},"query-input":{"@type":"PropertyValueSpecification","valueRequired":true,"valueName":"search_term_string"}}],"inLanguage":"de"},{"@type":"Organization","@id":"https:\/\/www.faschmidt.de\/de\/#organization","name":"F.A. Schmidt Gmbh & Co. KG","url":"https:\/\/www.faschmidt.de\/de\/","logo":{"@type":"ImageObject","inLanguage":"de","@id":"https:\/\/www.faschmidt.de\/de\/#\/schema\/logo\/image\/","url":"https:\/\/www.faschmidt.de\/wp-content\/uploads\/2025\/07\/Logo-2025_1024.png","contentUrl":"https:\/\/www.faschmidt.de\/wp-content\/uploads\/2025\/07\/Logo-2025_1024.png","width":1024,"height":390,"caption":"F.A. Schmidt Gmbh & Co. KG"},"image":{"@id":"https:\/\/www.faschmidt.de\/de\/#\/schema\/logo\/image\/"},"sameAs":["https:\/\/www.facebook.com\/maschinenmesser\/?locale=de_DE","https:\/\/www.instagram.com\/faschmidt25\/","https:\/\/de.linkedin.com\/company\/faschmidt"]}]}},"_links":{"self":[{"href":"https:\/\/www.faschmidt.de\/de\/wp-json\/wp\/v2\/pages\/3108","targetHints":{"allow":["GET"]}}],"collection":[{"href":"https:\/\/www.faschmidt.de\/de\/wp-json\/wp\/v2\/pages"}],"about":[{"href":"https:\/\/www.faschmidt.de\/de\/wp-json\/wp\/v2\/types\/page"}],"author":[{"embeddable":true,"href":"https:\/\/www.faschmidt.de\/de\/wp-json\/wp\/v2\/users\/1"}],"replies":[{"embeddable":true,"href":"https:\/\/www.faschmidt.de\/de\/wp-json\/wp\/v2\/comments?post=3108"}],"version-history":[{"count":2,"href":"https:\/\/www.faschmidt.de\/de\/wp-json\/wp\/v2\/pages\/3108\/revisions"}],"predecessor-version":[{"id":3180,"href":"https:\/\/www.faschmidt.de\/de\/wp-json\/wp\/v2\/pages\/3108\/revisions\/3180"}],"up":[{"embeddable":true,"href":"https:\/\/www.faschmidt.de\/de\/wp-json\/wp\/v2\/pages\/3092"}],"wp:attachment":[{"href":"https:\/\/www.faschmidt.de\/de\/wp-json\/wp\/v2\/media?parent=3108"}],"curies":[{"name":"wp","href":"https:\/\/api.w.org\/{rel}","templated":true}]}}