{"id":3106,"date":"2025-06-23T13:07:51","date_gmt":"2025-06-23T11:07:51","guid":{"rendered":"https:\/\/www.faschmidt.de\/messer-fuer-trommeltrockner\/"},"modified":"2025-10-20T10:14:12","modified_gmt":"2025-10-20T08:14:12","slug":"messer-fuer-trommeltrockner","status":"publish","type":"page","link":"https:\/\/www.faschmidt.de\/de\/messer-fuer-trommeltrockner\/","title":{"rendered":"MESSER F\u00dcR TROMMELTROCKNER"},"content":{"rendered":"\t\t<div data-elementor-type=\"wp-page\" data-elementor-id=\"3106\" class=\"elementor elementor-3106 elementor-841\" data-elementor-post-type=\"page\">\n\t\t\t\t<div class=\"elementor-element elementor-element-f404c55 e-con-full animated-slow e-flex elementor-invisible e-con e-parent\" data-id=\"f404c55\" data-element_type=\"container\" data-e-type=\"container\" data-settings=\"{&quot;background_background&quot;:&quot;video&quot;,&quot;background_motion_fx_translateY_effect&quot;:&quot;yes&quot;,&quot;jet_parallax_layout_list&quot;:[],&quot;background_video_link&quot;:&quot;https:\\\/\\\/www.faschmidt.de\\\/wp-content\\\/uploads\\\/2025\\\/09\\\/Knives-for-drum-dryer.mp4&quot;,&quot;animation&quot;:&quot;fadeIn&quot;,&quot;background_play_on_mobile&quot;:&quot;yes&quot;,&quot;background_motion_fx_translateY_speed&quot;:{&quot;unit&quot;:&quot;px&quot;,&quot;size&quot;:4,&quot;sizes&quot;:[]},&quot;background_motion_fx_translateY_affectedRange&quot;:{&quot;unit&quot;:&quot;%&quot;,&quot;size&quot;:&quot;&quot;,&quot;sizes&quot;:{&quot;start&quot;:0,&quot;end&quot;:100}},&quot;background_motion_fx_devices&quot;:[&quot;desktop&quot;,&quot;tablet&quot;,&quot;mobile&quot;]}\">\n\t\t<div class=\"elementor-background-video-container\">\n\t\t\t\t\t\t\t<video class=\"elementor-background-video-hosted\" role=\"presentation\" autoplay muted playsinline loop><\/video>\n\t\t\t\t\t<\/div>\t\t<div class=\"elementor-element elementor-element-b819bcc elementor-widget elementor-widget-heading\" data-id=\"b819bcc\" data-element_type=\"widget\" data-e-type=\"widget\" data-widget_type=\"heading.default\">\n\t\t\t\t<div class=\"elementor-widget-container\">\n\t\t\t\t\t<h1 class=\"elementor-heading-title elementor-size-default\">MESSER F\u00dcR TROMMELTROCKNER<\/h1>\t\t\t\t<\/div>\n\t\t\t\t<\/div>\n\t\t\t\t<div class=\"elementor-element elementor-element-5174643 elementor-widget-divider--view-line elementor-widget elementor-widget-divider\" data-id=\"5174643\" data-element_type=\"widget\" data-e-type=\"widget\" data-widget_type=\"divider.default\">\n\t\t\t\t<div class=\"elementor-widget-container\">\n\t\t\t\t\t\t\t<div class=\"elementor-divider\">\n\t\t\t<span class=\"elementor-divider-separator\">\n\t\t\t\t\t\t<\/span>\n\t\t<\/div>\n\t\t\t\t\t\t<\/div>\n\t\t\t\t<\/div>\n\t\t\t\t<\/div>\n\t\t<div class=\"elementor-element elementor-element-99a86e7 e-flex e-con-boxed e-con e-parent\" data-id=\"99a86e7\" data-element_type=\"container\" data-e-type=\"container\" data-settings=\"{&quot;background_background&quot;:&quot;classic&quot;,&quot;jet_parallax_layout_list&quot;:[]}\">\n\t\t\t\t\t<div class=\"e-con-inner\">\n\t\t<div class=\"elementor-element elementor-element-dab810c e-con-full e-flex e-con e-child\" data-id=\"dab810c\" data-element_type=\"container\" data-e-type=\"container\" data-settings=\"{&quot;background_background&quot;:&quot;classic&quot;,&quot;background_motion_fx_motion_fx_scrolling&quot;:&quot;yes&quot;,&quot;background_motion_fx_translateY_effect&quot;:&quot;yes&quot;,&quot;jet_parallax_layout_list&quot;:[],&quot;background_motion_fx_translateY_speed&quot;:{&quot;unit&quot;:&quot;px&quot;,&quot;size&quot;:4,&quot;sizes&quot;:[]},&quot;background_motion_fx_translateY_affectedRange&quot;:{&quot;unit&quot;:&quot;%&quot;,&quot;size&quot;:&quot;&quot;,&quot;sizes&quot;:{&quot;start&quot;:0,&quot;end&quot;:100}},&quot;background_motion_fx_devices&quot;:[&quot;desktop&quot;,&quot;tablet&quot;,&quot;mobile&quot;]}\">\n\t\t\t\t<div class=\"elementor-element elementor-element-c51f590 elementor-widget elementor-widget-image-carousel\" data-id=\"c51f590\" data-element_type=\"widget\" data-e-type=\"widget\" data-settings=\"{&quot;slides_to_show&quot;:&quot;1&quot;,&quot;navigation&quot;:&quot;none&quot;,&quot;autoplay&quot;:&quot;yes&quot;,&quot;pause_on_hover&quot;:&quot;yes&quot;,&quot;pause_on_interaction&quot;:&quot;yes&quot;,&quot;autoplay_speed&quot;:5000,&quot;infinite&quot;:&quot;yes&quot;,&quot;effect&quot;:&quot;slide&quot;,&quot;speed&quot;:500}\" data-widget_type=\"image-carousel.default\">\n\t\t\t\t<div class=\"elementor-widget-container\">\n\t\t\t\t\t\t\t<div class=\"elementor-image-carousel-wrapper swiper\" role=\"region\" aria-roledescription=\"carousel\" aria-label=\"Bild Karussell\" dir=\"ltr\">\n\t\t\t<div class=\"elementor-image-carousel swiper-wrapper\" aria-live=\"off\">\n\t\t\t\t\t\t\t\t<div class=\"swiper-slide\" role=\"group\" aria-roledescription=\"slide\" aria-label=\"1 von 3\"><figure class=\"swiper-slide-inner\"><img decoding=\"async\" class=\"swiper-slide-image\" src=\"https:\/\/www.faschmidt.de\/wp-content\/uploads\/2025\/08\/Scraper-knives-for-drum-dyer-1-768x541.jpg\" alt=\"Scraper knives for drum dyer\" \/><\/figure><\/div><div class=\"swiper-slide\" role=\"group\" aria-roledescription=\"slide\" aria-label=\"2 von 3\"><figure class=\"swiper-slide-inner\"><img decoding=\"async\" class=\"swiper-slide-image\" src=\"https:\/\/www.faschmidt.de\/wp-content\/uploads\/2025\/08\/Scraper-knives-for-drum-dyer-2-768x542.jpg\" alt=\"Scraper knife for drum dyer\" \/><\/figure><\/div><div class=\"swiper-slide\" role=\"group\" aria-roledescription=\"slide\" aria-label=\"3 von 3\"><figure class=\"swiper-slide-inner\"><img decoding=\"async\" class=\"swiper-slide-image\" src=\"https:\/\/www.faschmidt.de\/wp-content\/uploads\/2025\/08\/Scraper-knives-for-drum-dyer-3-768x556.jpg\" alt=\"Scraper knife for drum dyer\" \/><\/figure><\/div>\t\t\t<\/div>\n\t\t\t\t\t\t\t\n\t\t\t\t\t\t\t\t\t<\/div>\n\t\t\t\t\t\t<\/div>\n\t\t\t\t<\/div>\n\t\t\t\t<div class=\"elementor-element elementor-element-90f5837 elementor-widget elementor-widget-image\" data-id=\"90f5837\" data-element_type=\"widget\" data-e-type=\"widget\" data-widget_type=\"image.default\">\n\t\t\t\t<div class=\"elementor-widget-container\">\n\t\t\t\t\t\t\t\t\t\t\t\t\t\t\t<img decoding=\"async\" width=\"300\" height=\"81\" src=\"https:\/\/www.faschmidt.de\/wp-content\/uploads\/2025\/08\/Made-in-Germany_sign-300x81.png\" class=\"attachment-medium size-medium wp-image-3004\" alt=\"Hergestellt in Deutschland\" srcset=\"https:\/\/www.faschmidt.de\/wp-content\/uploads\/2025\/08\/Made-in-Germany_sign-300x81.png 300w, https:\/\/www.faschmidt.de\/wp-content\/uploads\/2025\/08\/Made-in-Germany_sign-150x40.png 150w, https:\/\/www.faschmidt.de\/wp-content\/uploads\/2025\/08\/Made-in-Germany_sign.png 512w\" sizes=\"(max-width: 300px) 100vw, 300px\" \/>\t\t\t\t\t\t\t\t\t\t\t\t\t\t\t<\/div>\n\t\t\t\t<\/div>\n\t\t\t\t<\/div>\n\t\t<div class=\"elementor-element elementor-element-55a0189 e-con-full e-flex e-con e-child\" data-id=\"55a0189\" data-element_type=\"container\" data-e-type=\"container\" data-settings=\"{&quot;background_background&quot;:&quot;classic&quot;,&quot;jet_parallax_layout_list&quot;:[]}\">\n\t\t\t\t<div class=\"elementor-element elementor-element-f09da6c elementor-widget elementor-widget-heading\" data-id=\"f09da6c\" data-element_type=\"widget\" data-e-type=\"widget\" data-widget_type=\"heading.default\">\n\t\t\t\t<div class=\"elementor-widget-container\">\n\t\t\t\t\t<h2 class=\"elementor-heading-title elementor-size-default\">MESSER F\u00dcR TROMMELTROCKNER<\/h2>\t\t\t\t<\/div>\n\t\t\t\t<\/div>\n\t\t\t\t<div class=\"elementor-element elementor-element-b0ee142 elementor-widget elementor-widget-text-editor\" data-id=\"b0ee142\" data-element_type=\"widget\" data-e-type=\"widget\" data-widget_type=\"text-editor.default\">\n\t\t\t\t<div class=\"elementor-widget-container\">\n\t\t\t\t\t\t\t\t\t<ul><li>Gefertigt in Standardma\u00dfen \u2013 oder individuell nach Ihrer Zeichnung oder Vorlage<\/li><li>Hergestellt aus geh\u00e4rtetem und poliertem deutschen Chromstahl<\/li><li>Gratfreie und gerade Klingen sorgen f\u00fcr ein sauberes und effizientes Abschaben des Produkts von der Trommel<\/li><li>Fachberatung zu Beschichtungen und Oberfl\u00e4chenbehandlungen m\u00f6glich<\/li><li>Nachschleifservice auf Anfrage<\/li><\/ul><p style=\"font-weight: 400;\">Standardabmessungen:<br>3020 x 165 x 2,0 mm<br>4020 x 165 x 2,0 mm<br>4010 x 110 x 2,0 mm<br>4500 x 165 x 2,0 mm<br>4030 x 165 x 3,0 mm<br>2650 x 155 x 3,5 mm<br>3015 x 155 x 3,5 mm<br>4015 x 155 x 3,5 mm<br>3030 x 180 x 3,5 mm<br>4520 x 165 x 3,5 mm<\/p>\t\t\t\t\t\t\t\t<\/div>\n\t\t\t\t<\/div>\n\t\t\t\t<\/div>\n\t\t<div class=\"elementor-element elementor-element-5809783 e-con-full e-flex e-con e-child\" data-id=\"5809783\" data-element_type=\"container\" data-e-type=\"container\" data-settings=\"{&quot;background_background&quot;:&quot;classic&quot;,&quot;jet_parallax_layout_list&quot;:[]}\">\n\t\t\t\t<\/div>\n\t\t<div class=\"elementor-element elementor-element-8b665ca e-con-full e-flex e-con e-child\" data-id=\"8b665ca\" data-element_type=\"container\" data-e-type=\"container\" data-settings=\"{&quot;background_background&quot;:&quot;classic&quot;,&quot;jet_parallax_layout_list&quot;:[]}\">\n\t\t<div class=\"elementor-element elementor-element-a3689d5 e-con-full e-flex e-con e-child\" data-id=\"a3689d5\" data-element_type=\"container\" data-e-type=\"container\" data-settings=\"{&quot;jet_parallax_layout_list&quot;:[]}\">\n\t\t\t\t<div class=\"elementor-element elementor-element-53e5bcf elementor-widget elementor-widget-heading\" data-id=\"53e5bcf\" data-element_type=\"widget\" data-e-type=\"widget\" data-widget_type=\"heading.default\">\n\t\t\t\t<div class=\"elementor-widget-container\">\n\t\t\t\t\t<h2 class=\"elementor-heading-title elementor-size-default\">Produktbl\u00e4tter herunterladen\n<\/h2>\t\t\t\t<\/div>\n\t\t\t\t<\/div>\n\t\t\t\t<\/div>\n\t\t<div class=\"elementor-element elementor-element-bac8c49 e-con-full e-flex e-con e-child\" data-id=\"bac8c49\" data-element_type=\"container\" data-e-type=\"container\" data-settings=\"{&quot;jet_parallax_layout_list&quot;:[]}\">\n\t\t\t\t<div class=\"elementor-element elementor-element-81dd16d elementor-icon-list--layout-traditional elementor-list-item-link-full_width elementor-widget elementor-widget-icon-list\" data-id=\"81dd16d\" data-element_type=\"widget\" data-e-type=\"widget\" data-widget_type=\"icon-list.default\">\n\t\t\t\t<div class=\"elementor-widget-container\">\n\t\t\t\t\t\t\t<ul class=\"elementor-icon-list-items\">\n\t\t\t\t\t\t\t<li class=\"elementor-icon-list-item\">\n\t\t\t\t\t\t\t\t\t\t\t<a href=\"https:\/\/www.faschmidt.de\/wp-content\/uploads\/2025\/08\/Sawblade-500x21-1.pdf\" target=\"_blank\">\n\n\t\t\t\t\t\t\t\t\t\t\t\t<span class=\"elementor-icon-list-icon\">\n\t\t\t\t\t\t\t<svg aria-hidden=\"true\" class=\"e-font-icon-svg e-fas-download\" viewBox=\"0 0 512 512\" xmlns=\"http:\/\/www.w3.org\/2000\/svg\"><path d=\"M216 0h80c13.3 0 24 10.7 24 24v168h87.7c17.8 0 26.7 21.5 14.1 34.1L269.7 378.3c-7.5 7.5-19.8 7.5-27.3 0L90.1 226.1c-12.6-12.6-3.7-34.1 14.1-34.1H192V24c0-13.3 10.7-24 24-24zm296 376v112c0 13.3-10.7 24-24 24H24c-13.3 0-24-10.7-24-24V376c0-13.3 10.7-24 24-24h146.7l49 49c20.1 20.1 52.5 20.1 72.6 0l49-49H488c13.3 0 24 10.7 24 24zm-124 88c0-11-9-20-20-20s-20 9-20 20 9 20 20 20 20-9 20-20zm64 0c0-11-9-20-20-20s-20 9-20 20 9 20 20 20 20-9 20-20z\"><\/path><\/svg>\t\t\t\t\t\t<\/span>\n\t\t\t\t\t\t\t\t\t\t<span class=\"elementor-icon-list-text\">PDF-Download<\/span>\n\t\t\t\t\t\t\t\t\t\t\t<\/a>\n\t\t\t\t\t\t\t\t\t<\/li>\n\t\t\t\t\t\t<\/ul>\n\t\t\t\t\t\t<\/div>\n\t\t\t\t<\/div>\n\t\t\t\t<\/div>\n\t\t\t\t<\/div>\n\t\t\t\t\t<\/div>\n\t\t\t\t<\/div>\n\t\t\t\t<\/div>\n\t\t","protected":false},"excerpt":{"rendered":"<p>MESSER F\u00dcR TROMMELTROCKNER MESSER F\u00dcR TROMMELTROCKNER Gefertigt in Standardma\u00dfen \u2013 oder individuell nach Ihrer Zeichnung oder Vorlage Hergestellt aus geh\u00e4rtetem und poliertem deutschen Chromstahl Gratfreie und gerade Klingen sorgen f\u00fcr ein sauberes und effizientes Abschaben des Produkts von der Trommel Fachberatung zu Beschichtungen und Oberfl\u00e4chenbehandlungen m\u00f6glich Nachschleifservice auf Anfrage Standardabmessungen:3020 x 165 x 2,0 mm4020 [&hellip;]<\/p>\n","protected":false},"author":1,"featured_media":0,"parent":3092,"menu_order":60,"comment_status":"closed","ping_status":"closed","template":"elementor_header_footer","meta":{"footnotes":""},"class_list":["post-3106","page","type-page","status-publish","hentry"],"yoast_head":"<!-- This site is optimized with the Yoast SEO plugin v27.5 - https:\/\/yoast.com\/product\/yoast-seo-wordpress\/ -->\n<title>MESSER F\u00dcR TROMMELTROCKNER \u2013 Made in Germany<\/title>\n<meta name=\"description\" content=\"Scraper knives for drum dryers by F.A.Schmidt | Hardened chromium steel, burr-free, precise, with custom options and expert coating advice.\" \/>\n<meta name=\"robots\" content=\"index, follow, max-snippet:-1, max-image-preview:large, max-video-preview:-1\" \/>\n<link rel=\"canonical\" href=\"https:\/\/www.faschmidt.de\/de\/messer-fuer-trommeltrockner\/\" \/>\n<meta property=\"og:locale\" content=\"de_DE\" \/>\n<meta property=\"og:type\" content=\"article\" \/>\n<meta property=\"og:title\" content=\"MESSER F\u00dcR TROMMELTROCKNER \u2013 Made in Germany\" \/>\n<meta property=\"og:description\" content=\"Scraper knives for drum dryers by F.A.Schmidt | Hardened chromium steel, burr-free, precise, with custom options and expert coating advice.\" \/>\n<meta property=\"og:url\" content=\"https:\/\/www.faschmidt.de\/de\/messer-fuer-trommeltrockner\/\" \/>\n<meta property=\"og:site_name\" content=\"F.A. Schmidt Gmbh &amp; Co. KG\" \/>\n<meta property=\"article:publisher\" content=\"https:\/\/www.facebook.com\/maschinenmesser\/?locale=de_DE\" \/>\n<meta property=\"article:modified_time\" content=\"2025-10-20T08:14:12+00:00\" \/>\n<meta property=\"og:image\" content=\"https:\/\/www.faschmidt.de\/wp-content\/uploads\/2025\/08\/Scraper-knives-for-drum-dyer-1-768x541.jpg\" \/>\n<meta name=\"twitter:card\" content=\"summary_large_image\" \/>\n<script type=\"application\/ld+json\" class=\"yoast-schema-graph\">{\"@context\":\"https:\\\/\\\/schema.org\",\"@graph\":[{\"@type\":\"WebPage\",\"@id\":\"https:\\\/\\\/www.faschmidt.de\\\/de\\\/messer-fuer-trommeltrockner\\\/\",\"url\":\"https:\\\/\\\/www.faschmidt.de\\\/de\\\/messer-fuer-trommeltrockner\\\/\",\"name\":\"MESSER F\u00dcR TROMMELTROCKNER \u2013 Made in Germany\",\"isPartOf\":{\"@id\":\"https:\\\/\\\/www.faschmidt.de\\\/de\\\/#website\"},\"primaryImageOfPage\":{\"@id\":\"https:\\\/\\\/www.faschmidt.de\\\/de\\\/messer-fuer-trommeltrockner\\\/#primaryimage\"},\"image\":{\"@id\":\"https:\\\/\\\/www.faschmidt.de\\\/de\\\/messer-fuer-trommeltrockner\\\/#primaryimage\"},\"thumbnailUrl\":\"https:\\\/\\\/www.faschmidt.de\\\/wp-content\\\/uploads\\\/2025\\\/08\\\/Scraper-knives-for-drum-dyer-1-768x541.jpg\",\"datePublished\":\"2025-06-23T11:07:51+00:00\",\"dateModified\":\"2025-10-20T08:14:12+00:00\",\"description\":\"Scraper knives for drum dryers by F.A.Schmidt | Hardened chromium steel, burr-free, precise, with custom options and expert coating advice.\",\"breadcrumb\":{\"@id\":\"https:\\\/\\\/www.faschmidt.de\\\/de\\\/messer-fuer-trommeltrockner\\\/#breadcrumb\"},\"inLanguage\":\"de\",\"potentialAction\":[{\"@type\":\"ReadAction\",\"target\":[\"https:\\\/\\\/www.faschmidt.de\\\/de\\\/messer-fuer-trommeltrockner\\\/\"]}]},{\"@type\":\"ImageObject\",\"inLanguage\":\"de\",\"@id\":\"https:\\\/\\\/www.faschmidt.de\\\/de\\\/messer-fuer-trommeltrockner\\\/#primaryimage\",\"url\":\"https:\\\/\\\/www.faschmidt.de\\\/wp-content\\\/uploads\\\/2025\\\/08\\\/Scraper-knives-for-drum-dyer-1-768x541.jpg\",\"contentUrl\":\"https:\\\/\\\/www.faschmidt.de\\\/wp-content\\\/uploads\\\/2025\\\/08\\\/Scraper-knives-for-drum-dyer-1-768x541.jpg\"},{\"@type\":\"BreadcrumbList\",\"@id\":\"https:\\\/\\\/www.faschmidt.de\\\/de\\\/messer-fuer-trommeltrockner\\\/#breadcrumb\",\"itemListElement\":[{\"@type\":\"ListItem\",\"position\":1,\"name\":\"Startseite\",\"item\":\"https:\\\/\\\/www.faschmidt.de\\\/de\\\/\"},{\"@type\":\"ListItem\",\"position\":2,\"name\":\"Produkte und Dienstleistungen\",\"item\":\"https:\\\/\\\/www.faschmidt.de\\\/de\\\/?page_id=3092\"},{\"@type\":\"ListItem\",\"position\":3,\"name\":\"MESSER F\u00dcR TROMMELTROCKNER\"}]},{\"@type\":\"WebSite\",\"@id\":\"https:\\\/\\\/www.faschmidt.de\\\/de\\\/#website\",\"url\":\"https:\\\/\\\/www.faschmidt.de\\\/de\\\/\",\"name\":\"F.A. Schmidt Gmbh & Co. KG\",\"description\":\"S\u00e4gen- und Maschinenmesserfabrik Remscheid\",\"publisher\":{\"@id\":\"https:\\\/\\\/www.faschmidt.de\\\/de\\\/#organization\"},\"potentialAction\":[{\"@type\":\"SearchAction\",\"target\":{\"@type\":\"EntryPoint\",\"urlTemplate\":\"https:\\\/\\\/www.faschmidt.de\\\/de\\\/?s={search_term_string}\"},\"query-input\":{\"@type\":\"PropertyValueSpecification\",\"valueRequired\":true,\"valueName\":\"search_term_string\"}}],\"inLanguage\":\"de\"},{\"@type\":\"Organization\",\"@id\":\"https:\\\/\\\/www.faschmidt.de\\\/de\\\/#organization\",\"name\":\"F.A. Schmidt Gmbh & Co. KG\",\"url\":\"https:\\\/\\\/www.faschmidt.de\\\/de\\\/\",\"logo\":{\"@type\":\"ImageObject\",\"inLanguage\":\"de\",\"@id\":\"https:\\\/\\\/www.faschmidt.de\\\/de\\\/#\\\/schema\\\/logo\\\/image\\\/\",\"url\":\"https:\\\/\\\/www.faschmidt.de\\\/wp-content\\\/uploads\\\/2025\\\/07\\\/Logo-2025_1024.png\",\"contentUrl\":\"https:\\\/\\\/www.faschmidt.de\\\/wp-content\\\/uploads\\\/2025\\\/07\\\/Logo-2025_1024.png\",\"width\":1024,\"height\":390,\"caption\":\"F.A. Schmidt Gmbh & Co. KG\"},\"image\":{\"@id\":\"https:\\\/\\\/www.faschmidt.de\\\/de\\\/#\\\/schema\\\/logo\\\/image\\\/\"},\"sameAs\":[\"https:\\\/\\\/www.facebook.com\\\/maschinenmesser\\\/?locale=de_DE\",\"https:\\\/\\\/www.instagram.com\\\/faschmidt25\\\/\",\"https:\\\/\\\/de.linkedin.com\\\/company\\\/faschmidt\"]}]}<\/script>\n<!-- \/ Yoast SEO plugin. -->","yoast_head_json":{"title":"MESSER F\u00dcR TROMMELTROCKNER \u2013 Made in Germany","description":"Scraper knives for drum dryers by F.A.Schmidt | Hardened chromium steel, burr-free, precise, with custom options and expert coating advice.","robots":{"index":"index","follow":"follow","max-snippet":"max-snippet:-1","max-image-preview":"max-image-preview:large","max-video-preview":"max-video-preview:-1"},"canonical":"https:\/\/www.faschmidt.de\/de\/messer-fuer-trommeltrockner\/","og_locale":"de_DE","og_type":"article","og_title":"MESSER F\u00dcR TROMMELTROCKNER \u2013 Made in Germany","og_description":"Scraper knives for drum dryers by F.A.Schmidt | Hardened chromium steel, burr-free, precise, with custom options and expert coating advice.","og_url":"https:\/\/www.faschmidt.de\/de\/messer-fuer-trommeltrockner\/","og_site_name":"F.A. Schmidt Gmbh &amp; Co. KG","article_publisher":"https:\/\/www.facebook.com\/maschinenmesser\/?locale=de_DE","article_modified_time":"2025-10-20T08:14:12+00:00","og_image":[{"url":"https:\/\/www.faschmidt.de\/wp-content\/uploads\/2025\/08\/Scraper-knives-for-drum-dyer-1-768x541.jpg","type":"","width":"","height":""}],"twitter_card":"summary_large_image","schema":{"@context":"https:\/\/schema.org","@graph":[{"@type":"WebPage","@id":"https:\/\/www.faschmidt.de\/de\/messer-fuer-trommeltrockner\/","url":"https:\/\/www.faschmidt.de\/de\/messer-fuer-trommeltrockner\/","name":"MESSER F\u00dcR TROMMELTROCKNER \u2013 Made in Germany","isPartOf":{"@id":"https:\/\/www.faschmidt.de\/de\/#website"},"primaryImageOfPage":{"@id":"https:\/\/www.faschmidt.de\/de\/messer-fuer-trommeltrockner\/#primaryimage"},"image":{"@id":"https:\/\/www.faschmidt.de\/de\/messer-fuer-trommeltrockner\/#primaryimage"},"thumbnailUrl":"https:\/\/www.faschmidt.de\/wp-content\/uploads\/2025\/08\/Scraper-knives-for-drum-dyer-1-768x541.jpg","datePublished":"2025-06-23T11:07:51+00:00","dateModified":"2025-10-20T08:14:12+00:00","description":"Scraper knives for drum dryers by F.A.Schmidt | Hardened chromium steel, burr-free, precise, with custom options and expert coating advice.","breadcrumb":{"@id":"https:\/\/www.faschmidt.de\/de\/messer-fuer-trommeltrockner\/#breadcrumb"},"inLanguage":"de","potentialAction":[{"@type":"ReadAction","target":["https:\/\/www.faschmidt.de\/de\/messer-fuer-trommeltrockner\/"]}]},{"@type":"ImageObject","inLanguage":"de","@id":"https:\/\/www.faschmidt.de\/de\/messer-fuer-trommeltrockner\/#primaryimage","url":"https:\/\/www.faschmidt.de\/wp-content\/uploads\/2025\/08\/Scraper-knives-for-drum-dyer-1-768x541.jpg","contentUrl":"https:\/\/www.faschmidt.de\/wp-content\/uploads\/2025\/08\/Scraper-knives-for-drum-dyer-1-768x541.jpg"},{"@type":"BreadcrumbList","@id":"https:\/\/www.faschmidt.de\/de\/messer-fuer-trommeltrockner\/#breadcrumb","itemListElement":[{"@type":"ListItem","position":1,"name":"Startseite","item":"https:\/\/www.faschmidt.de\/de\/"},{"@type":"ListItem","position":2,"name":"Produkte und Dienstleistungen","item":"https:\/\/www.faschmidt.de\/de\/?page_id=3092"},{"@type":"ListItem","position":3,"name":"MESSER F\u00dcR TROMMELTROCKNER"}]},{"@type":"WebSite","@id":"https:\/\/www.faschmidt.de\/de\/#website","url":"https:\/\/www.faschmidt.de\/de\/","name":"F.A. Schmidt Gmbh & Co. KG","description":"S\u00e4gen- und Maschinenmesserfabrik Remscheid","publisher":{"@id":"https:\/\/www.faschmidt.de\/de\/#organization"},"potentialAction":[{"@type":"SearchAction","target":{"@type":"EntryPoint","urlTemplate":"https:\/\/www.faschmidt.de\/de\/?s={search_term_string}"},"query-input":{"@type":"PropertyValueSpecification","valueRequired":true,"valueName":"search_term_string"}}],"inLanguage":"de"},{"@type":"Organization","@id":"https:\/\/www.faschmidt.de\/de\/#organization","name":"F.A. Schmidt Gmbh & Co. KG","url":"https:\/\/www.faschmidt.de\/de\/","logo":{"@type":"ImageObject","inLanguage":"de","@id":"https:\/\/www.faschmidt.de\/de\/#\/schema\/logo\/image\/","url":"https:\/\/www.faschmidt.de\/wp-content\/uploads\/2025\/07\/Logo-2025_1024.png","contentUrl":"https:\/\/www.faschmidt.de\/wp-content\/uploads\/2025\/07\/Logo-2025_1024.png","width":1024,"height":390,"caption":"F.A. Schmidt Gmbh & Co. KG"},"image":{"@id":"https:\/\/www.faschmidt.de\/de\/#\/schema\/logo\/image\/"},"sameAs":["https:\/\/www.facebook.com\/maschinenmesser\/?locale=de_DE","https:\/\/www.instagram.com\/faschmidt25\/","https:\/\/de.linkedin.com\/company\/faschmidt"]}]}},"_links":{"self":[{"href":"https:\/\/www.faschmidt.de\/de\/wp-json\/wp\/v2\/pages\/3106","targetHints":{"allow":["GET"]}}],"collection":[{"href":"https:\/\/www.faschmidt.de\/de\/wp-json\/wp\/v2\/pages"}],"about":[{"href":"https:\/\/www.faschmidt.de\/de\/wp-json\/wp\/v2\/types\/page"}],"author":[{"embeddable":true,"href":"https:\/\/www.faschmidt.de\/de\/wp-json\/wp\/v2\/users\/1"}],"replies":[{"embeddable":true,"href":"https:\/\/www.faschmidt.de\/de\/wp-json\/wp\/v2\/comments?post=3106"}],"version-history":[{"count":2,"href":"https:\/\/www.faschmidt.de\/de\/wp-json\/wp\/v2\/pages\/3106\/revisions"}],"predecessor-version":[{"id":3188,"href":"https:\/\/www.faschmidt.de\/de\/wp-json\/wp\/v2\/pages\/3106\/revisions\/3188"}],"up":[{"embeddable":true,"href":"https:\/\/www.faschmidt.de\/de\/wp-json\/wp\/v2\/pages\/3092"}],"wp:attachment":[{"href":"https:\/\/www.faschmidt.de\/de\/wp-json\/wp\/v2\/media?parent=3106"}],"curies":[{"name":"wp","href":"https:\/\/api.w.org\/{rel}","templated":true}]}}