{"id":3098,"date":"2025-06-23T13:07:03","date_gmt":"2025-06-23T11:07:03","guid":{"rendered":"https:\/\/www.faschmidt.de\/kartoffel-reibeblaetter\/"},"modified":"2025-10-20T10:12:34","modified_gmt":"2025-10-20T08:12:34","slug":"kartoffel-reibeblaetter","status":"publish","type":"page","link":"https:\/\/www.faschmidt.de\/de\/kartoffel-reibeblaetter\/","title":{"rendered":"Kartoffel-Reibebl\u00e4tter"},"content":{"rendered":"\t\t<div data-elementor-type=\"wp-page\" data-elementor-id=\"3098\" class=\"elementor elementor-3098 elementor-834\" data-elementor-post-type=\"page\">\n\t\t\t\t<div class=\"elementor-element elementor-element-047948d e-con-full animated-slow e-flex elementor-invisible e-con e-parent\" data-id=\"047948d\" data-element_type=\"container\" data-e-type=\"container\" data-settings=\"{&quot;background_background&quot;:&quot;video&quot;,&quot;background_motion_fx_translateY_effect&quot;:&quot;yes&quot;,&quot;jet_parallax_layout_list&quot;:[],&quot;background_video_link&quot;:&quot;https:\\\/\\\/www.faschmidt.de\\\/wp-content\\\/uploads\\\/2025\\\/09\\\/potato-sawblades-2.mp4&quot;,&quot;animation&quot;:&quot;fadeIn&quot;,&quot;background_play_on_mobile&quot;:&quot;yes&quot;,&quot;background_motion_fx_translateY_speed&quot;:{&quot;unit&quot;:&quot;px&quot;,&quot;size&quot;:4,&quot;sizes&quot;:[]},&quot;background_motion_fx_translateY_affectedRange&quot;:{&quot;unit&quot;:&quot;%&quot;,&quot;size&quot;:&quot;&quot;,&quot;sizes&quot;:{&quot;start&quot;:0,&quot;end&quot;:100}},&quot;background_motion_fx_devices&quot;:[&quot;desktop&quot;,&quot;tablet&quot;,&quot;mobile&quot;]}\">\n\t\t<div class=\"elementor-background-video-container\">\n\t\t\t\t\t\t\t<video class=\"elementor-background-video-hosted\" role=\"presentation\" autoplay muted playsinline loop><\/video>\n\t\t\t\t\t<\/div>\t\t<div class=\"elementor-element elementor-element-7ec1d99 elementor-widget elementor-widget-heading\" data-id=\"7ec1d99\" data-element_type=\"widget\" data-e-type=\"widget\" data-widget_type=\"heading.default\">\n\t\t\t\t<div class=\"elementor-widget-container\">\n\t\t\t\t\t<h1 class=\"elementor-heading-title elementor-size-default\">Kartoffel-Reibebl\u00e4tter<\/h1>\t\t\t\t<\/div>\n\t\t\t\t<\/div>\n\t\t\t\t<div class=\"elementor-element elementor-element-c6772b7 elementor-widget-divider--view-line elementor-widget elementor-widget-divider\" data-id=\"c6772b7\" data-element_type=\"widget\" data-e-type=\"widget\" data-widget_type=\"divider.default\">\n\t\t\t\t<div class=\"elementor-widget-container\">\n\t\t\t\t\t\t\t<div class=\"elementor-divider\">\n\t\t\t<span class=\"elementor-divider-separator\">\n\t\t\t\t\t\t<\/span>\n\t\t<\/div>\n\t\t\t\t\t\t<\/div>\n\t\t\t\t<\/div>\n\t\t\t\t<div class=\"elementor-element elementor-element-34df4f1 elementor-widget elementor-widget-heading\" data-id=\"34df4f1\" data-element_type=\"widget\" data-e-type=\"widget\" data-widget_type=\"heading.default\">\n\t\t\t\t<div class=\"elementor-widget-container\">\n\t\t\t\t\t<h1 class=\"elementor-heading-title elementor-size-default\">ANKER HERZ\u00ae Kartoffel-Reibebl\u00e4tter\u2013Hergestellt in Deutschland<\/h1>\t\t\t\t<\/div>\n\t\t\t\t<\/div>\n\t\t\t\t<\/div>\n\t\t<div class=\"elementor-element elementor-element-9bf5252 e-flex e-con-boxed e-con e-parent\" data-id=\"9bf5252\" data-element_type=\"container\" data-e-type=\"container\" data-settings=\"{&quot;background_background&quot;:&quot;classic&quot;,&quot;jet_parallax_layout_list&quot;:[]}\">\n\t\t\t\t\t<div class=\"e-con-inner\">\n\t\t<div class=\"elementor-element elementor-element-9979e5c e-con-full e-flex e-con e-child\" data-id=\"9979e5c\" data-element_type=\"container\" data-e-type=\"container\" data-settings=\"{&quot;background_background&quot;:&quot;classic&quot;,&quot;background_motion_fx_motion_fx_scrolling&quot;:&quot;yes&quot;,&quot;background_motion_fx_translateY_effect&quot;:&quot;yes&quot;,&quot;jet_parallax_layout_list&quot;:[],&quot;background_motion_fx_translateY_speed&quot;:{&quot;unit&quot;:&quot;px&quot;,&quot;size&quot;:4,&quot;sizes&quot;:[]},&quot;background_motion_fx_translateY_affectedRange&quot;:{&quot;unit&quot;:&quot;%&quot;,&quot;size&quot;:&quot;&quot;,&quot;sizes&quot;:{&quot;start&quot;:0,&quot;end&quot;:100}},&quot;background_motion_fx_devices&quot;:[&quot;desktop&quot;,&quot;tablet&quot;,&quot;mobile&quot;]}\">\n\t\t\t\t<div class=\"elementor-element elementor-element-6e7f7ad elementor-widget elementor-widget-image-carousel\" data-id=\"6e7f7ad\" data-element_type=\"widget\" data-e-type=\"widget\" data-settings=\"{&quot;slides_to_show&quot;:&quot;1&quot;,&quot;navigation&quot;:&quot;none&quot;,&quot;autoplay&quot;:&quot;yes&quot;,&quot;pause_on_hover&quot;:&quot;yes&quot;,&quot;pause_on_interaction&quot;:&quot;yes&quot;,&quot;autoplay_speed&quot;:5000,&quot;infinite&quot;:&quot;yes&quot;,&quot;effect&quot;:&quot;slide&quot;,&quot;speed&quot;:500}\" data-widget_type=\"image-carousel.default\">\n\t\t\t\t<div class=\"elementor-widget-container\">\n\t\t\t\t\t\t\t<div class=\"elementor-image-carousel-wrapper swiper\" role=\"region\" aria-roledescription=\"carousel\" aria-label=\"Bild Karussell\" dir=\"ltr\">\n\t\t\t<div class=\"elementor-image-carousel swiper-wrapper\" aria-live=\"off\">\n\t\t\t\t\t\t\t\t<div class=\"swiper-slide\" role=\"group\" aria-roledescription=\"slide\" aria-label=\"1 von 2\"><figure class=\"swiper-slide-inner\"><img decoding=\"async\" class=\"swiper-slide-image\" src=\"https:\/\/www.faschmidt.de\/wp-content\/uploads\/2025\/08\/Potato-sawblades_1810-768x512.jpg\" alt=\"Kartoffel-Reibebl\u00e4tter\" \/><\/figure><\/div><div class=\"swiper-slide\" role=\"group\" aria-roledescription=\"slide\" aria-label=\"2 von 2\"><figure class=\"swiper-slide-inner\"><img decoding=\"async\" class=\"swiper-slide-image\" src=\"https:\/\/www.faschmidt.de\/wp-content\/uploads\/2025\/08\/Rasperblades-1-768x544.jpg\" alt=\"Rasper Blades Gold\" \/><\/figure><\/div>\t\t\t<\/div>\n\t\t\t\t\t\t\t\n\t\t\t\t\t\t\t\t\t<\/div>\n\t\t\t\t\t\t<\/div>\n\t\t\t\t<\/div>\n\t\t\t\t<\/div>\n\t\t<div class=\"elementor-element elementor-element-f3c3f40 e-con-full e-flex e-con e-child\" data-id=\"f3c3f40\" data-element_type=\"container\" data-e-type=\"container\" data-settings=\"{&quot;background_background&quot;:&quot;classic&quot;,&quot;jet_parallax_layout_list&quot;:[]}\">\n\t\t\t\t<div class=\"elementor-element elementor-element-7576d9d elementor-widget elementor-widget-heading\" data-id=\"7576d9d\" data-element_type=\"widget\" data-e-type=\"widget\" data-widget_type=\"heading.default\">\n\t\t\t\t<div class=\"elementor-widget-container\">\n\t\t\t\t\t<h2 class=\"elementor-heading-title elementor-size-default\">Warum Anker-Herz Reibebl\u00e4tter \u2013 Hergestellt in Deutschland?\n<\/h2>\t\t\t\t<\/div>\n\t\t\t\t<\/div>\n\t\t\t\t<div class=\"elementor-element elementor-element-1e005b3 elementor-widget elementor-widget-text-editor\" data-id=\"1e005b3\" data-element_type=\"widget\" data-e-type=\"widget\" data-widget_type=\"text-editor.default\">\n\t\t\t\t<div class=\"elementor-widget-container\">\n\t\t\t\t\t\t\t\t\t<p>Schmidt ist der weltweit f\u00fchrende Anbieter von Reibebl\u00e4tter f\u00fcr die St\u00e4rkeindustrie. Mit \u00fcber 80 Jahren Erfahrung als zuverl\u00e4ssiger Partner bieten wir Ihnen bew\u00e4hrtes Know-how und h\u00f6chste Qualit\u00e4t. Unsere Klingen bieten au\u00dfergew\u00f6hnliche Haltbarkeit und maximieren die St\u00e4rkeausbeute \u2013 f\u00fcr eine optimale Kapitalrendite.  <\/p>\t\t\t\t\t\t\t\t<\/div>\n\t\t\t\t<\/div>\n\t\t\t\t<\/div>\n\t\t<div class=\"elementor-element elementor-element-d435477 e-con-full e-flex e-con e-child\" data-id=\"d435477\" data-element_type=\"container\" data-e-type=\"container\" data-settings=\"{&quot;background_background&quot;:&quot;classic&quot;,&quot;jet_parallax_layout_list&quot;:[]}\">\n\t\t\t\t<div class=\"elementor-element elementor-element-c0600c1 elementor-widget elementor-widget-text-editor\" data-id=\"c0600c1\" data-element_type=\"widget\" data-e-type=\"widget\" data-widget_type=\"text-editor.default\">\n\t\t\t\t<div class=\"elementor-widget-container\">\n\t\t\t\t\t\t\t\t\t<p style=\"font-weight: 400;\">Warum ANKER HERZ\u00ae Kartoffel-Reibebl\u00e4tter von F.A. Schmidt einen Unterschied machen:<\/p><ul style=\"font-weight: 400;\"><li>Hochwertiger deutscher Stahl, speziell f\u00fcr Reibebl\u00e4tter entwickelt<\/li><li>Spezielles H\u00e4rtungsverfahren f\u00fcr \u00fcberragende Festigkeit und lang anhaltende Leistung<\/li><li>Hervorragende Best\u00e4ndigkeit gegen Verschlei\u00df und Verschmutzung, auch durch Sand oder Steine<\/li><li>Anpassbare Zahndichte: W\u00e4hlen Sie die richtige Anzahl Z\u00e4hne pro Zoll f\u00fcr Ihre Anforderungen<\/li><li>Goldene Oberfl\u00e4chenbeschichtung f\u00fcr zus\u00e4tzlichen Schutz<\/li><li>Steigern Sie die St\u00e4rkeausbeute um 1,5 % bis 2 %<\/li><\/ul><p>Anker-Herz Reibebl\u00e4tter \u2013 Unser Qualit\u00e4tsversprechen<\/p><ul><li>Mit Pr\u00e4zision und h\u00f6chster Technologie gefertigt<\/li><li>Kontinuierliche Qualit\u00e4tskontrollen w\u00e4hrend der gesamten Produktion<\/li><li>Jede Reibebl\u00e4tter wird optisch und technisch gepr\u00fcft<\/li><li>Strenge Qualit\u00e4tsstandards zur Vermeidung von M\u00e4ngeln \u2013 f\u00fcr stets einwandfreie Ergebnisse<\/li><\/ul><p>Zahnkonfigurationen:<br>W\u00e4hlen Sie die perfekte L\u00f6sung f\u00fcr Ihren Prozess.<br>15 TPI, 17 TPI, 19 TPI, 21 TPI<\/p><p>F\u00fcr weitere Informationen laden Sie bitte das Produktdatenblatt herunter.<\/p>\t\t\t\t\t\t\t\t<\/div>\n\t\t\t\t<\/div>\n\t\t\t\t<div class=\"elementor-element elementor-element-9627ad6 elementor-widget elementor-widget-image\" data-id=\"9627ad6\" data-element_type=\"widget\" data-e-type=\"widget\" data-widget_type=\"image.default\">\n\t\t\t\t<div class=\"elementor-widget-container\">\n\t\t\t\t\t\t\t\t\t\t\t\t\t\t\t<img decoding=\"async\" width=\"300\" height=\"81\" src=\"https:\/\/www.faschmidt.de\/wp-content\/uploads\/2025\/08\/Made-in-Germany_sign-300x81.png\" class=\"attachment-medium size-medium wp-image-3004\" alt=\"Hergestellt in Deutschland\" srcset=\"https:\/\/www.faschmidt.de\/wp-content\/uploads\/2025\/08\/Made-in-Germany_sign-300x81.png 300w, https:\/\/www.faschmidt.de\/wp-content\/uploads\/2025\/08\/Made-in-Germany_sign-150x40.png 150w, https:\/\/www.faschmidt.de\/wp-content\/uploads\/2025\/08\/Made-in-Germany_sign.png 512w\" sizes=\"(max-width: 300px) 100vw, 300px\" \/>\t\t\t\t\t\t\t\t\t\t\t\t\t\t\t<\/div>\n\t\t\t\t<\/div>\n\t\t\t\t<\/div>\n\t\t<div class=\"elementor-element elementor-element-d4c9598 e-con-full e-flex e-con e-child\" data-id=\"d4c9598\" data-element_type=\"container\" data-e-type=\"container\" data-settings=\"{&quot;background_background&quot;:&quot;classic&quot;,&quot;jet_parallax_layout_list&quot;:[]}\">\n\t\t<div class=\"elementor-element elementor-element-35fe244 e-con-full e-flex e-con e-child\" data-id=\"35fe244\" data-element_type=\"container\" data-e-type=\"container\" data-settings=\"{&quot;jet_parallax_layout_list&quot;:[]}\">\n\t\t\t\t<div class=\"elementor-element elementor-element-01d0bfc elementor-widget elementor-widget-heading\" data-id=\"01d0bfc\" data-element_type=\"widget\" data-e-type=\"widget\" data-widget_type=\"heading.default\">\n\t\t\t\t<div class=\"elementor-widget-container\">\n\t\t\t\t\t<h2 class=\"elementor-heading-title elementor-size-default\">Produktbl\u00e4tter herunterladen\n<\/h2>\t\t\t\t<\/div>\n\t\t\t\t<\/div>\n\t\t\t\t<\/div>\n\t\t<div class=\"elementor-element elementor-element-19b6ba5 e-con-full e-flex e-con e-child\" data-id=\"19b6ba5\" data-element_type=\"container\" data-e-type=\"container\" data-settings=\"{&quot;jet_parallax_layout_list&quot;:[]}\">\n\t\t\t\t<div class=\"elementor-element elementor-element-3531bc5 elementor-icon-list--layout-traditional elementor-list-item-link-full_width elementor-widget elementor-widget-icon-list\" data-id=\"3531bc5\" data-element_type=\"widget\" data-e-type=\"widget\" data-widget_type=\"icon-list.default\">\n\t\t\t\t<div class=\"elementor-widget-container\">\n\t\t\t\t\t\t\t<ul class=\"elementor-icon-list-items\">\n\t\t\t\t\t\t\t<li class=\"elementor-icon-list-item\">\n\t\t\t\t\t\t\t\t\t\t\t<a href=\"https:\/\/www.faschmidt.de\/wp-content\/uploads\/2025\/08\/Sawblade-500x21-1.pdf\" target=\"_blank\">\n\n\t\t\t\t\t\t\t\t\t\t\t\t<span class=\"elementor-icon-list-icon\">\n\t\t\t\t\t\t\t<svg aria-hidden=\"true\" class=\"e-font-icon-svg e-fas-download\" viewBox=\"0 0 512 512\" xmlns=\"http:\/\/www.w3.org\/2000\/svg\"><path d=\"M216 0h80c13.3 0 24 10.7 24 24v168h87.7c17.8 0 26.7 21.5 14.1 34.1L269.7 378.3c-7.5 7.5-19.8 7.5-27.3 0L90.1 226.1c-12.6-12.6-3.7-34.1 14.1-34.1H192V24c0-13.3 10.7-24 24-24zm296 376v112c0 13.3-10.7 24-24 24H24c-13.3 0-24-10.7-24-24V376c0-13.3 10.7-24 24-24h146.7l49 49c20.1 20.1 52.5 20.1 72.6 0l49-49H488c13.3 0 24 10.7 24 24zm-124 88c0-11-9-20-20-20s-20 9-20 20 9 20 20 20 20-9 20-20zm64 0c0-11-9-20-20-20s-20 9-20 20 9 20 20 20 20-9 20-20z\"><\/path><\/svg>\t\t\t\t\t\t<\/span>\n\t\t\t\t\t\t\t\t\t\t<span class=\"elementor-icon-list-text\">PDF-Download<\/span>\n\t\t\t\t\t\t\t\t\t\t\t<\/a>\n\t\t\t\t\t\t\t\t\t<\/li>\n\t\t\t\t\t\t<\/ul>\n\t\t\t\t\t\t<\/div>\n\t\t\t\t<\/div>\n\t\t\t\t<\/div>\n\t\t\t\t<\/div>\n\t\t\t\t\t<\/div>\n\t\t\t\t<\/div>\n\t\t\t\t<\/div>\n\t\t","protected":false},"excerpt":{"rendered":"<p>Kartoffel-Reibebl\u00e4tter ANKER HERZ\u00ae Kartoffel-Reibebl\u00e4tter\u2013Hergestellt in Deutschland Warum Anker-Herz Reibebl\u00e4tter \u2013 Hergestellt in Deutschland? Schmidt ist der weltweit f\u00fchrende Anbieter von Reibebl\u00e4tter f\u00fcr die St\u00e4rkeindustrie. Mit \u00fcber 80 Jahren Erfahrung als zuverl\u00e4ssiger Partner bieten wir Ihnen bew\u00e4hrtes Know-how und h\u00f6chste Qualit\u00e4t. Unsere Klingen bieten au\u00dfergew\u00f6hnliche Haltbarkeit und maximieren die St\u00e4rkeausbeute \u2013 f\u00fcr eine optimale Kapitalrendite. Warum [&hellip;]<\/p>\n","protected":false},"author":1,"featured_media":0,"parent":3092,"menu_order":30,"comment_status":"closed","ping_status":"closed","template":"elementor_header_footer","meta":{"footnotes":""},"class_list":["post-3098","page","type-page","status-publish","hentry"],"yoast_head":"<!-- This site is optimized with the Yoast SEO plugin v27.5 - https:\/\/yoast.com\/product\/yoast-seo-wordpress\/ -->\n<title>Kartoffel-Reibebl\u00e4tter \u2013 Anker-Herz\u00ae Pr\u00e4zision aus Deutschland<\/title>\n<meta name=\"description\" content=\"F.A. Schmidt Anker-Herz\u00ae Kartoffel-Reibebl\u00e4tter \u2013 Made in Germany. Langlebige und pr\u00e4zise, \u200b\u200beffiziente S\u00e4gebl\u00e4tter f\u00fcr h\u00f6here St\u00e4rkeausbeute und Zuverl\u00e4ssigkeit.\" \/>\n<meta name=\"robots\" content=\"index, follow, max-snippet:-1, max-image-preview:large, max-video-preview:-1\" \/>\n<link rel=\"canonical\" href=\"https:\/\/www.faschmidt.de\/de\/kartoffel-reibeblaetter\/\" \/>\n<meta property=\"og:locale\" content=\"de_DE\" \/>\n<meta property=\"og:type\" content=\"article\" \/>\n<meta property=\"og:title\" content=\"Kartoffel-Reibebl\u00e4tter \u2013 Anker-Herz\u00ae Pr\u00e4zision aus Deutschland\" \/>\n<meta property=\"og:description\" content=\"F.A. Schmidt Anker-Herz\u00ae Kartoffel-Reibebl\u00e4tter \u2013 Made in Germany. Langlebige und pr\u00e4zise, \u200b\u200beffiziente S\u00e4gebl\u00e4tter f\u00fcr h\u00f6here St\u00e4rkeausbeute und Zuverl\u00e4ssigkeit.\" \/>\n<meta property=\"og:url\" content=\"https:\/\/www.faschmidt.de\/de\/kartoffel-reibeblaetter\/\" \/>\n<meta property=\"og:site_name\" content=\"F.A. Schmidt Gmbh &amp; Co. KG\" \/>\n<meta property=\"article:publisher\" content=\"https:\/\/www.facebook.com\/maschinenmesser\/?locale=de_DE\" \/>\n<meta property=\"article:modified_time\" content=\"2025-10-20T08:12:34+00:00\" \/>\n<meta property=\"og:image\" content=\"https:\/\/www.faschmidt.de\/wp-content\/uploads\/2025\/08\/Potato-sawblades_1810-768x512.jpg\" \/>\n<meta name=\"twitter:card\" content=\"summary_large_image\" \/>\n<meta name=\"twitter:label1\" content=\"Gesch\u00e4tzte Lesezeit\" \/>\n\t<meta name=\"twitter:data1\" content=\"1\u00a0Minute\" \/>\n<script type=\"application\/ld+json\" class=\"yoast-schema-graph\">{\"@context\":\"https:\\\/\\\/schema.org\",\"@graph\":[{\"@type\":\"WebPage\",\"@id\":\"https:\\\/\\\/www.faschmidt.de\\\/de\\\/kartoffel-reibeblaetter\\\/\",\"url\":\"https:\\\/\\\/www.faschmidt.de\\\/de\\\/kartoffel-reibeblaetter\\\/\",\"name\":\"Kartoffel-Reibebl\u00e4tter \u2013 Anker-Herz\u00ae Pr\u00e4zision aus Deutschland\",\"isPartOf\":{\"@id\":\"https:\\\/\\\/www.faschmidt.de\\\/de\\\/#website\"},\"primaryImageOfPage\":{\"@id\":\"https:\\\/\\\/www.faschmidt.de\\\/de\\\/kartoffel-reibeblaetter\\\/#primaryimage\"},\"image\":{\"@id\":\"https:\\\/\\\/www.faschmidt.de\\\/de\\\/kartoffel-reibeblaetter\\\/#primaryimage\"},\"thumbnailUrl\":\"https:\\\/\\\/www.faschmidt.de\\\/wp-content\\\/uploads\\\/2025\\\/08\\\/Potato-sawblades_1810-768x512.jpg\",\"datePublished\":\"2025-06-23T11:07:03+00:00\",\"dateModified\":\"2025-10-20T08:12:34+00:00\",\"description\":\"F.A. Schmidt Anker-Herz\u00ae Kartoffel-Reibebl\u00e4tter \u2013 Made in Germany. Langlebige und pr\u00e4zise, \u200b\u200beffiziente S\u00e4gebl\u00e4tter f\u00fcr h\u00f6here St\u00e4rkeausbeute und Zuverl\u00e4ssigkeit.\",\"breadcrumb\":{\"@id\":\"https:\\\/\\\/www.faschmidt.de\\\/de\\\/kartoffel-reibeblaetter\\\/#breadcrumb\"},\"inLanguage\":\"de\",\"potentialAction\":[{\"@type\":\"ReadAction\",\"target\":[\"https:\\\/\\\/www.faschmidt.de\\\/de\\\/kartoffel-reibeblaetter\\\/\"]}]},{\"@type\":\"ImageObject\",\"inLanguage\":\"de\",\"@id\":\"https:\\\/\\\/www.faschmidt.de\\\/de\\\/kartoffel-reibeblaetter\\\/#primaryimage\",\"url\":\"https:\\\/\\\/www.faschmidt.de\\\/wp-content\\\/uploads\\\/2025\\\/08\\\/Potato-sawblades_1810-768x512.jpg\",\"contentUrl\":\"https:\\\/\\\/www.faschmidt.de\\\/wp-content\\\/uploads\\\/2025\\\/08\\\/Potato-sawblades_1810-768x512.jpg\"},{\"@type\":\"BreadcrumbList\",\"@id\":\"https:\\\/\\\/www.faschmidt.de\\\/de\\\/kartoffel-reibeblaetter\\\/#breadcrumb\",\"itemListElement\":[{\"@type\":\"ListItem\",\"position\":1,\"name\":\"Startseite\",\"item\":\"https:\\\/\\\/www.faschmidt.de\\\/de\\\/\"},{\"@type\":\"ListItem\",\"position\":2,\"name\":\"Produkte und Dienstleistungen\",\"item\":\"https:\\\/\\\/www.faschmidt.de\\\/de\\\/?page_id=3092\"},{\"@type\":\"ListItem\",\"position\":3,\"name\":\"Kartoffel-Reibebl\u00e4tter\"}]},{\"@type\":\"WebSite\",\"@id\":\"https:\\\/\\\/www.faschmidt.de\\\/de\\\/#website\",\"url\":\"https:\\\/\\\/www.faschmidt.de\\\/de\\\/\",\"name\":\"F.A. Schmidt Gmbh & Co. KG\",\"description\":\"S\u00e4gen- und Maschinenmesserfabrik Remscheid\",\"publisher\":{\"@id\":\"https:\\\/\\\/www.faschmidt.de\\\/de\\\/#organization\"},\"potentialAction\":[{\"@type\":\"SearchAction\",\"target\":{\"@type\":\"EntryPoint\",\"urlTemplate\":\"https:\\\/\\\/www.faschmidt.de\\\/de\\\/?s={search_term_string}\"},\"query-input\":{\"@type\":\"PropertyValueSpecification\",\"valueRequired\":true,\"valueName\":\"search_term_string\"}}],\"inLanguage\":\"de\"},{\"@type\":\"Organization\",\"@id\":\"https:\\\/\\\/www.faschmidt.de\\\/de\\\/#organization\",\"name\":\"F.A. Schmidt Gmbh & Co. KG\",\"url\":\"https:\\\/\\\/www.faschmidt.de\\\/de\\\/\",\"logo\":{\"@type\":\"ImageObject\",\"inLanguage\":\"de\",\"@id\":\"https:\\\/\\\/www.faschmidt.de\\\/de\\\/#\\\/schema\\\/logo\\\/image\\\/\",\"url\":\"https:\\\/\\\/www.faschmidt.de\\\/wp-content\\\/uploads\\\/2025\\\/07\\\/Logo-2025_1024.png\",\"contentUrl\":\"https:\\\/\\\/www.faschmidt.de\\\/wp-content\\\/uploads\\\/2025\\\/07\\\/Logo-2025_1024.png\",\"width\":1024,\"height\":390,\"caption\":\"F.A. Schmidt Gmbh & Co. KG\"},\"image\":{\"@id\":\"https:\\\/\\\/www.faschmidt.de\\\/de\\\/#\\\/schema\\\/logo\\\/image\\\/\"},\"sameAs\":[\"https:\\\/\\\/www.facebook.com\\\/maschinenmesser\\\/?locale=de_DE\",\"https:\\\/\\\/www.instagram.com\\\/faschmidt25\\\/\",\"https:\\\/\\\/de.linkedin.com\\\/company\\\/faschmidt\"]}]}<\/script>\n<!-- \/ Yoast SEO plugin. -->","yoast_head_json":{"title":"Kartoffel-Reibebl\u00e4tter \u2013 Anker-Herz\u00ae Pr\u00e4zision aus Deutschland","description":"F.A. Schmidt Anker-Herz\u00ae Kartoffel-Reibebl\u00e4tter \u2013 Made in Germany. Langlebige und pr\u00e4zise, \u200b\u200beffiziente S\u00e4gebl\u00e4tter f\u00fcr h\u00f6here St\u00e4rkeausbeute und Zuverl\u00e4ssigkeit.","robots":{"index":"index","follow":"follow","max-snippet":"max-snippet:-1","max-image-preview":"max-image-preview:large","max-video-preview":"max-video-preview:-1"},"canonical":"https:\/\/www.faschmidt.de\/de\/kartoffel-reibeblaetter\/","og_locale":"de_DE","og_type":"article","og_title":"Kartoffel-Reibebl\u00e4tter \u2013 Anker-Herz\u00ae Pr\u00e4zision aus Deutschland","og_description":"F.A. Schmidt Anker-Herz\u00ae Kartoffel-Reibebl\u00e4tter \u2013 Made in Germany. Langlebige und pr\u00e4zise, \u200b\u200beffiziente S\u00e4gebl\u00e4tter f\u00fcr h\u00f6here St\u00e4rkeausbeute und Zuverl\u00e4ssigkeit.","og_url":"https:\/\/www.faschmidt.de\/de\/kartoffel-reibeblaetter\/","og_site_name":"F.A. Schmidt Gmbh &amp; Co. KG","article_publisher":"https:\/\/www.facebook.com\/maschinenmesser\/?locale=de_DE","article_modified_time":"2025-10-20T08:12:34+00:00","og_image":[{"url":"https:\/\/www.faschmidt.de\/wp-content\/uploads\/2025\/08\/Potato-sawblades_1810-768x512.jpg","type":"","width":"","height":""}],"twitter_card":"summary_large_image","twitter_misc":{"Gesch\u00e4tzte Lesezeit":"1\u00a0Minute"},"schema":{"@context":"https:\/\/schema.org","@graph":[{"@type":"WebPage","@id":"https:\/\/www.faschmidt.de\/de\/kartoffel-reibeblaetter\/","url":"https:\/\/www.faschmidt.de\/de\/kartoffel-reibeblaetter\/","name":"Kartoffel-Reibebl\u00e4tter \u2013 Anker-Herz\u00ae Pr\u00e4zision aus Deutschland","isPartOf":{"@id":"https:\/\/www.faschmidt.de\/de\/#website"},"primaryImageOfPage":{"@id":"https:\/\/www.faschmidt.de\/de\/kartoffel-reibeblaetter\/#primaryimage"},"image":{"@id":"https:\/\/www.faschmidt.de\/de\/kartoffel-reibeblaetter\/#primaryimage"},"thumbnailUrl":"https:\/\/www.faschmidt.de\/wp-content\/uploads\/2025\/08\/Potato-sawblades_1810-768x512.jpg","datePublished":"2025-06-23T11:07:03+00:00","dateModified":"2025-10-20T08:12:34+00:00","description":"F.A. Schmidt Anker-Herz\u00ae Kartoffel-Reibebl\u00e4tter \u2013 Made in Germany. Langlebige und pr\u00e4zise, \u200b\u200beffiziente S\u00e4gebl\u00e4tter f\u00fcr h\u00f6here St\u00e4rkeausbeute und Zuverl\u00e4ssigkeit.","breadcrumb":{"@id":"https:\/\/www.faschmidt.de\/de\/kartoffel-reibeblaetter\/#breadcrumb"},"inLanguage":"de","potentialAction":[{"@type":"ReadAction","target":["https:\/\/www.faschmidt.de\/de\/kartoffel-reibeblaetter\/"]}]},{"@type":"ImageObject","inLanguage":"de","@id":"https:\/\/www.faschmidt.de\/de\/kartoffel-reibeblaetter\/#primaryimage","url":"https:\/\/www.faschmidt.de\/wp-content\/uploads\/2025\/08\/Potato-sawblades_1810-768x512.jpg","contentUrl":"https:\/\/www.faschmidt.de\/wp-content\/uploads\/2025\/08\/Potato-sawblades_1810-768x512.jpg"},{"@type":"BreadcrumbList","@id":"https:\/\/www.faschmidt.de\/de\/kartoffel-reibeblaetter\/#breadcrumb","itemListElement":[{"@type":"ListItem","position":1,"name":"Startseite","item":"https:\/\/www.faschmidt.de\/de\/"},{"@type":"ListItem","position":2,"name":"Produkte und Dienstleistungen","item":"https:\/\/www.faschmidt.de\/de\/?page_id=3092"},{"@type":"ListItem","position":3,"name":"Kartoffel-Reibebl\u00e4tter"}]},{"@type":"WebSite","@id":"https:\/\/www.faschmidt.de\/de\/#website","url":"https:\/\/www.faschmidt.de\/de\/","name":"F.A. Schmidt Gmbh & Co. KG","description":"S\u00e4gen- und Maschinenmesserfabrik Remscheid","publisher":{"@id":"https:\/\/www.faschmidt.de\/de\/#organization"},"potentialAction":[{"@type":"SearchAction","target":{"@type":"EntryPoint","urlTemplate":"https:\/\/www.faschmidt.de\/de\/?s={search_term_string}"},"query-input":{"@type":"PropertyValueSpecification","valueRequired":true,"valueName":"search_term_string"}}],"inLanguage":"de"},{"@type":"Organization","@id":"https:\/\/www.faschmidt.de\/de\/#organization","name":"F.A. Schmidt Gmbh & Co. KG","url":"https:\/\/www.faschmidt.de\/de\/","logo":{"@type":"ImageObject","inLanguage":"de","@id":"https:\/\/www.faschmidt.de\/de\/#\/schema\/logo\/image\/","url":"https:\/\/www.faschmidt.de\/wp-content\/uploads\/2025\/07\/Logo-2025_1024.png","contentUrl":"https:\/\/www.faschmidt.de\/wp-content\/uploads\/2025\/07\/Logo-2025_1024.png","width":1024,"height":390,"caption":"F.A. Schmidt Gmbh & Co. KG"},"image":{"@id":"https:\/\/www.faschmidt.de\/de\/#\/schema\/logo\/image\/"},"sameAs":["https:\/\/www.facebook.com\/maschinenmesser\/?locale=de_DE","https:\/\/www.instagram.com\/faschmidt25\/","https:\/\/de.linkedin.com\/company\/faschmidt"]}]}},"_links":{"self":[{"href":"https:\/\/www.faschmidt.de\/de\/wp-json\/wp\/v2\/pages\/3098","targetHints":{"allow":["GET"]}}],"collection":[{"href":"https:\/\/www.faschmidt.de\/de\/wp-json\/wp\/v2\/pages"}],"about":[{"href":"https:\/\/www.faschmidt.de\/de\/wp-json\/wp\/v2\/types\/page"}],"author":[{"embeddable":true,"href":"https:\/\/www.faschmidt.de\/de\/wp-json\/wp\/v2\/users\/1"}],"replies":[{"embeddable":true,"href":"https:\/\/www.faschmidt.de\/de\/wp-json\/wp\/v2\/comments?post=3098"}],"version-history":[{"count":2,"href":"https:\/\/www.faschmidt.de\/de\/wp-json\/wp\/v2\/pages\/3098\/revisions"}],"predecessor-version":[{"id":3164,"href":"https:\/\/www.faschmidt.de\/de\/wp-json\/wp\/v2\/pages\/3098\/revisions\/3164"}],"up":[{"embeddable":true,"href":"https:\/\/www.faschmidt.de\/de\/wp-json\/wp\/v2\/pages\/3092"}],"wp:attachment":[{"href":"https:\/\/www.faschmidt.de\/de\/wp-json\/wp\/v2\/media?parent=3098"}],"curies":[{"name":"wp","href":"https:\/\/api.w.org\/{rel}","templated":true}]}}