{"id":3094,"date":"2025-06-23T13:06:47","date_gmt":"2025-06-23T11:06:47","guid":{"rendered":"https:\/\/www.faschmidt.de\/raibeblaetter-fuer-die-staerkeindustrie\/"},"modified":"2025-10-20T10:07:14","modified_gmt":"2025-10-20T08:07:14","slug":"raibeblaetter-fuer-die-staerkeindustrie","status":"publish","type":"page","link":"https:\/\/www.faschmidt.de\/de\/raibeblaetter-fuer-die-staerkeindustrie\/","title":{"rendered":"Raibebl\u00e4tter f\u00fcr die St\u00e4rkeindustrie"},"content":{"rendered":"\t\t<div data-elementor-type=\"wp-page\" data-elementor-id=\"3094\" class=\"elementor elementor-3094 elementor-829\" data-elementor-post-type=\"page\">\n\t\t\t\t<div class=\"elementor-element elementor-element-af31538 e-con-full animated-slow e-flex elementor-invisible e-con e-parent\" data-id=\"af31538\" data-element_type=\"container\" data-e-type=\"container\" data-settings=\"{&quot;background_background&quot;:&quot;video&quot;,&quot;background_motion_fx_translateY_effect&quot;:&quot;yes&quot;,&quot;jet_parallax_layout_list&quot;:[],&quot;background_video_link&quot;:&quot;https:\\\/\\\/www.faschmidt.de\\\/wp-content\\\/uploads\\\/2025\\\/09\\\/rasperblades-for-the-starch-industry.mp4&quot;,&quot;animation&quot;:&quot;fadeIn&quot;,&quot;background_play_on_mobile&quot;:&quot;yes&quot;,&quot;background_motion_fx_translateY_speed&quot;:{&quot;unit&quot;:&quot;px&quot;,&quot;size&quot;:4,&quot;sizes&quot;:[]},&quot;background_motion_fx_translateY_affectedRange&quot;:{&quot;unit&quot;:&quot;%&quot;,&quot;size&quot;:&quot;&quot;,&quot;sizes&quot;:{&quot;start&quot;:0,&quot;end&quot;:100}},&quot;background_motion_fx_devices&quot;:[&quot;desktop&quot;,&quot;tablet&quot;,&quot;mobile&quot;]}\">\n\t\t<div class=\"elementor-background-video-container\">\n\t\t\t\t\t\t\t<video class=\"elementor-background-video-hosted\" role=\"presentation\" autoplay muted playsinline loop><\/video>\n\t\t\t\t\t<\/div>\t\t<div class=\"elementor-element elementor-element-0e1a20b elementor-widget elementor-widget-heading\" data-id=\"0e1a20b\" data-element_type=\"widget\" data-e-type=\"widget\" data-widget_type=\"heading.default\">\n\t\t\t\t<div class=\"elementor-widget-container\">\n\t\t\t\t\t<h1 class=\"elementor-heading-title elementor-size-default\">Raibebl\u00e4tter f\u00fcr die St\u00e4rkeindustrie<\/h1>\t\t\t\t<\/div>\n\t\t\t\t<\/div>\n\t\t\t\t<div class=\"elementor-element elementor-element-1cc49a8 elementor-widget-divider--view-line elementor-widget elementor-widget-divider\" data-id=\"1cc49a8\" data-element_type=\"widget\" data-e-type=\"widget\" data-widget_type=\"divider.default\">\n\t\t\t\t<div class=\"elementor-widget-container\">\n\t\t\t\t\t\t\t<div class=\"elementor-divider\">\n\t\t\t<span class=\"elementor-divider-separator\">\n\t\t\t\t\t\t<\/span>\n\t\t<\/div>\n\t\t\t\t\t\t<\/div>\n\t\t\t\t<\/div>\n\t\t\t\t<div class=\"elementor-element elementor-element-1f5abd5 elementor-widget elementor-widget-heading\" data-id=\"1f5abd5\" data-element_type=\"widget\" data-e-type=\"widget\" data-widget_type=\"heading.default\">\n\t\t\t\t<div class=\"elementor-widget-container\">\n\t\t\t\t\t<h2 class=\"elementor-heading-title elementor-size-default\">ANKER HERZ<sup>\u00ae<\/sup><\/h2>\t\t\t\t<\/div>\n\t\t\t\t<\/div>\n\t\t\t\t<\/div>\n\t\t<div class=\"elementor-element elementor-element-d61a101 e-flex e-con-boxed e-con e-parent\" data-id=\"d61a101\" data-element_type=\"container\" data-e-type=\"container\" data-settings=\"{&quot;background_background&quot;:&quot;classic&quot;,&quot;jet_parallax_layout_list&quot;:[]}\">\n\t\t\t\t\t<div class=\"e-con-inner\">\n\t\t<div class=\"elementor-element elementor-element-1a7b3f4 e-con-full e-flex e-con e-child\" data-id=\"1a7b3f4\" data-element_type=\"container\" data-e-type=\"container\" data-settings=\"{&quot;background_background&quot;:&quot;classic&quot;,&quot;background_motion_fx_motion_fx_scrolling&quot;:&quot;yes&quot;,&quot;background_motion_fx_translateY_effect&quot;:&quot;yes&quot;,&quot;jet_parallax_layout_list&quot;:[],&quot;background_motion_fx_translateY_speed&quot;:{&quot;unit&quot;:&quot;px&quot;,&quot;size&quot;:4,&quot;sizes&quot;:[]},&quot;background_motion_fx_translateY_affectedRange&quot;:{&quot;unit&quot;:&quot;%&quot;,&quot;size&quot;:&quot;&quot;,&quot;sizes&quot;:{&quot;start&quot;:0,&quot;end&quot;:100}},&quot;background_motion_fx_devices&quot;:[&quot;desktop&quot;,&quot;tablet&quot;,&quot;mobile&quot;]}\">\n\t\t\t\t<div class=\"elementor-element elementor-element-c98e4a3 elementor-widget elementor-widget-image-carousel\" data-id=\"c98e4a3\" data-element_type=\"widget\" data-e-type=\"widget\" data-settings=\"{&quot;slides_to_show&quot;:&quot;1&quot;,&quot;navigation&quot;:&quot;none&quot;,&quot;autoplay&quot;:&quot;yes&quot;,&quot;pause_on_hover&quot;:&quot;yes&quot;,&quot;pause_on_interaction&quot;:&quot;yes&quot;,&quot;autoplay_speed&quot;:5000,&quot;infinite&quot;:&quot;yes&quot;,&quot;effect&quot;:&quot;slide&quot;,&quot;speed&quot;:500}\" data-widget_type=\"image-carousel.default\">\n\t\t\t\t<div class=\"elementor-widget-container\">\n\t\t\t\t\t\t\t<div class=\"elementor-image-carousel-wrapper swiper\" role=\"region\" aria-roledescription=\"carousel\" aria-label=\"Bild Karussell\" dir=\"ltr\">\n\t\t\t<div class=\"elementor-image-carousel swiper-wrapper\" aria-live=\"off\">\n\t\t\t\t\t\t\t\t<div class=\"swiper-slide\" role=\"group\" aria-roledescription=\"slide\" aria-label=\"1 von 3\"><figure class=\"swiper-slide-inner\"><img decoding=\"async\" class=\"swiper-slide-image\" src=\"https:\/\/www.faschmidt.de\/wp-content\/uploads\/2025\/08\/Starch-industry_1810-768x512.jpg\" alt=\"Raibebl\u00e4tter f\u00fcr die St\u00e4rkeindustrie\" \/><\/figure><\/div><div class=\"swiper-slide\" role=\"group\" aria-roledescription=\"slide\" aria-label=\"2 von 3\"><figure class=\"swiper-slide-inner\"><img decoding=\"async\" class=\"swiper-slide-image\" src=\"https:\/\/www.faschmidt.de\/wp-content\/uploads\/2025\/08\/Starch-industry_3435-768x576.jpg\" alt=\"Raibebl\u00e4tter f\u00fcr die St\u00e4rkeindustrie\" \/><\/figure><\/div><div class=\"swiper-slide\" role=\"group\" aria-roledescription=\"slide\" aria-label=\"3 von 3\"><figure class=\"swiper-slide-inner\"><img decoding=\"async\" class=\"swiper-slide-image\" src=\"https:\/\/www.faschmidt.de\/wp-content\/uploads\/2025\/08\/Starch-industry_3441-768x576.jpg\" alt=\"Raibebl\u00e4tter f\u00fcr die St\u00e4rkeindustrie\" \/><\/figure><\/div>\t\t\t<\/div>\n\t\t\t\t\t\t\t\n\t\t\t\t\t\t\t\t\t<\/div>\n\t\t\t\t\t\t<\/div>\n\t\t\t\t<\/div>\n\t\t\t\t<\/div>\n\t\t<div class=\"elementor-element elementor-element-e3a075c e-con-full e-flex e-con e-child\" data-id=\"e3a075c\" data-element_type=\"container\" data-e-type=\"container\" data-settings=\"{&quot;background_background&quot;:&quot;classic&quot;,&quot;jet_parallax_layout_list&quot;:[]}\">\n\t\t\t\t<div class=\"elementor-element elementor-element-a57490b elementor-widget elementor-widget-heading\" data-id=\"a57490b\" data-element_type=\"widget\" data-e-type=\"widget\" data-widget_type=\"heading.default\">\n\t\t\t\t<div class=\"elementor-widget-container\">\n\t\t\t\t\t<h2 class=\"elementor-heading-title elementor-size-default\">Raibebl\u00e4tter f\u00fcr die St\u00e4rkeindustrie<\/h2>\t\t\t\t<\/div>\n\t\t\t\t<\/div>\n\t\t\t\t<div class=\"elementor-element elementor-element-619b484 elementor-widget elementor-widget-text-editor\" data-id=\"619b484\" data-element_type=\"widget\" data-e-type=\"widget\" data-widget_type=\"text-editor.default\">\n\t\t\t\t<div class=\"elementor-widget-container\">\n\t\t\t\t\t\t\t\t\t<p>F.A. Schmidt ist der weltweit f\u00fchrende Anbieter von Raspelmessern f\u00fcr die St\u00e4rkeindustrie.<br>Mit \u00fcber 80 Jahren nachweislicher Erfahrung haben wir uns einen Ruf als vertrauensw\u00fcrdiger Partner weltweit aufgebaut und liefern Messer, die Ma\u00dfst\u00e4be in Qualit\u00e4t, Pr\u00e4zision und Langlebigkeit setzen.<\/p><p>Unsere Raibebl\u00e4tter sind so konstruiert, dass sie au\u00dfergew\u00f6hnliche Leistung bieten und einen maximalen St\u00e4rkeertrag sowie h\u00f6chste Effizienz gew\u00e4hrleisten. Sie sind f\u00fcr eine lange Lebensdauer ausgelegt, helfen Ausfallzeiten zu reduzieren, die Produktivit\u00e4t zu steigern und die bestm\u00f6gliche Rendite auf Ihre Investition zu erzielen. <\/p>\t\t\t\t\t\t\t\t<\/div>\n\t\t\t\t<\/div>\n\t\t\t\t<\/div>\n\t\t<div class=\"elementor-element elementor-element-393161f e-con-full e-flex e-con e-child\" data-id=\"393161f\" data-element_type=\"container\" data-e-type=\"container\" data-settings=\"{&quot;background_background&quot;:&quot;classic&quot;,&quot;jet_parallax_layout_list&quot;:[]}\">\n\t\t\t\t<div class=\"elementor-element elementor-element-f65d875 elementor-widget elementor-widget-text-editor\" data-id=\"f65d875\" data-element_type=\"widget\" data-e-type=\"widget\" data-widget_type=\"text-editor.default\">\n\t\t\t\t<div class=\"elementor-widget-container\">\n\t\t\t\t\t\t\t\t\t<p>Wir bieten eine breite Palette an Anpassungsoptionen, um die spezifischen Anforderungen unserer Kunden zu erf\u00fcllen. Die Messer werden f\u00fcr alle g\u00e4ngigen Raspelmaschinen-Marken hergestellt, darunter: Hovex, Larsson, SiccaDania, Nivoba, Thai German, Stamex. <\/p><p style=\"font-weight: 400;\">Die Anpassung umfasst:<\/p><ul style=\"font-weight: 400;\"><li>Zahnprofile: 15 TPI, 17 TPI, 19 TPI, 21 TPI<\/li><li>Dicke der Raibebl\u00e4tter,<\/li><li>Lochanzahl, speziell f\u00fcr alle unterschiedlichen Klemmbacken<\/li><li>Spezielles H\u00e4rtungsverfahren f\u00fcr \u00fcberragende Festigkeit und lang anhaltende Leistung<\/li><li>Spezielle Holzkistenverpackung<\/li><\/ul><p><span style=\"letter-spacing: 0px;\">Bei F.A. Schmidt wird jede Raibebl\u00e4tte unter strenger Qualit\u00e4tskontrolle unter Verwendung hochwertiger Materialien und modernster Fertigungstechnologien hergestellt. Dies stellt sicher, dass unsere Produkte auch unter h\u00e4rtesten Betriebsbedingungen eine gleichbleibende Schneidleistung bieten. <\/span><\/p><p>Wenn Sie sich f\u00fcr Raibebl\u00e4tter von Schmidt entscheiden, profitieren Sie von:<\/p><ul style=\"font-weight: 400;\"><li>H\u00f6here St\u00e4rkeextraktionseffizienz (1,5 % \u2013 2 %)<\/li><li>Reduzierte Maschinenausfallzeiten<\/li><li>Niedrigere Gesamtbetriebskosten<\/li><li>Spezialbeschichtungen<\/li><li>Hochwertige Verpackung in Holzkisten mit speziellem VCI-Papier<\/li><\/ul>\t\t\t\t\t\t\t\t<\/div>\n\t\t\t\t<\/div>\n\t\t\t\t<div class=\"elementor-element elementor-element-87a3977 elementor-widget elementor-widget-image\" data-id=\"87a3977\" data-element_type=\"widget\" data-e-type=\"widget\" data-widget_type=\"image.default\">\n\t\t\t\t<div class=\"elementor-widget-container\">\n\t\t\t\t\t\t\t\t\t\t\t\t\t\t\t<img decoding=\"async\" width=\"300\" height=\"81\" src=\"https:\/\/www.faschmidt.de\/wp-content\/uploads\/2025\/08\/Made-in-Germany_sign-300x81.png\" class=\"attachment-medium size-medium wp-image-3004\" alt=\"Hergestellt in Deutschland\" srcset=\"https:\/\/www.faschmidt.de\/wp-content\/uploads\/2025\/08\/Made-in-Germany_sign-300x81.png 300w, https:\/\/www.faschmidt.de\/wp-content\/uploads\/2025\/08\/Made-in-Germany_sign-150x40.png 150w, https:\/\/www.faschmidt.de\/wp-content\/uploads\/2025\/08\/Made-in-Germany_sign.png 512w\" sizes=\"(max-width: 300px) 100vw, 300px\" \/>\t\t\t\t\t\t\t\t\t\t\t\t\t\t\t<\/div>\n\t\t\t\t<\/div>\n\t\t\t\t<\/div>\n\t\t<div class=\"elementor-element elementor-element-773c637 e-con-full e-flex e-con e-child\" data-id=\"773c637\" data-element_type=\"container\" data-e-type=\"container\" data-settings=\"{&quot;background_background&quot;:&quot;classic&quot;,&quot;jet_parallax_layout_list&quot;:[]}\">\n\t\t<div class=\"elementor-element elementor-element-8b62a81 e-con-full e-flex e-con e-child\" data-id=\"8b62a81\" data-element_type=\"container\" data-e-type=\"container\" data-settings=\"{&quot;jet_parallax_layout_list&quot;:[]}\">\n\t\t\t\t<div class=\"elementor-element elementor-element-898cd4e elementor-widget elementor-widget-heading\" data-id=\"898cd4e\" data-element_type=\"widget\" data-e-type=\"widget\" data-widget_type=\"heading.default\">\n\t\t\t\t<div class=\"elementor-widget-container\">\n\t\t\t\t\t<h2 class=\"elementor-heading-title elementor-size-default\">Produktbl\u00e4tter herunterladen\n<\/h2>\t\t\t\t<\/div>\n\t\t\t\t<\/div>\n\t\t\t\t<\/div>\n\t\t<div class=\"elementor-element elementor-element-4da6a09 e-con-full e-flex e-con e-child\" data-id=\"4da6a09\" data-element_type=\"container\" data-e-type=\"container\" data-settings=\"{&quot;jet_parallax_layout_list&quot;:[]}\">\n\t\t\t\t<div class=\"elementor-element elementor-element-c5e2220 elementor-icon-list--layout-traditional elementor-list-item-link-full_width elementor-widget elementor-widget-icon-list\" data-id=\"c5e2220\" data-element_type=\"widget\" data-e-type=\"widget\" data-widget_type=\"icon-list.default\">\n\t\t\t\t<div class=\"elementor-widget-container\">\n\t\t\t\t\t\t\t<ul class=\"elementor-icon-list-items\">\n\t\t\t\t\t\t\t<li class=\"elementor-icon-list-item\">\n\t\t\t\t\t\t\t\t\t\t\t<a href=\"https:\/\/www.faschmidt.de\/wp-content\/uploads\/2025\/08\/Sawblade-500x21-1.pdf\" target=\"_blank\">\n\n\t\t\t\t\t\t\t\t\t\t\t\t<span class=\"elementor-icon-list-icon\">\n\t\t\t\t\t\t\t<svg aria-hidden=\"true\" class=\"e-font-icon-svg e-fas-download\" viewBox=\"0 0 512 512\" xmlns=\"http:\/\/www.w3.org\/2000\/svg\"><path d=\"M216 0h80c13.3 0 24 10.7 24 24v168h87.7c17.8 0 26.7 21.5 14.1 34.1L269.7 378.3c-7.5 7.5-19.8 7.5-27.3 0L90.1 226.1c-12.6-12.6-3.7-34.1 14.1-34.1H192V24c0-13.3 10.7-24 24-24zm296 376v112c0 13.3-10.7 24-24 24H24c-13.3 0-24-10.7-24-24V376c0-13.3 10.7-24 24-24h146.7l49 49c20.1 20.1 52.5 20.1 72.6 0l49-49H488c13.3 0 24 10.7 24 24zm-124 88c0-11-9-20-20-20s-20 9-20 20 9 20 20 20 20-9 20-20zm64 0c0-11-9-20-20-20s-20 9-20 20 9 20 20 20 20-9 20-20z\"><\/path><\/svg>\t\t\t\t\t\t<\/span>\n\t\t\t\t\t\t\t\t\t\t<span class=\"elementor-icon-list-text\">PDF-Download<\/span>\n\t\t\t\t\t\t\t\t\t\t\t<\/a>\n\t\t\t\t\t\t\t\t\t<\/li>\n\t\t\t\t\t\t<\/ul>\n\t\t\t\t\t\t<\/div>\n\t\t\t\t<\/div>\n\t\t\t\t<\/div>\n\t\t\t\t<\/div>\n\t\t\t\t\t<\/div>\n\t\t\t\t<\/div>\n\t\t\t\t<\/div>\n\t\t","protected":false},"excerpt":{"rendered":"<p>Raibebl\u00e4tter f\u00fcr die St\u00e4rkeindustrie ANKER HERZ\u00ae Raibebl\u00e4tter f\u00fcr die St\u00e4rkeindustrie F.A. Schmidt ist der weltweit f\u00fchrende Anbieter von Raspelmessern f\u00fcr die St\u00e4rkeindustrie.Mit \u00fcber 80 Jahren nachweislicher Erfahrung haben wir uns einen Ruf als vertrauensw\u00fcrdiger Partner weltweit aufgebaut und liefern Messer, die Ma\u00dfst\u00e4be in Qualit\u00e4t, Pr\u00e4zision und Langlebigkeit setzen. Unsere Raibebl\u00e4tter sind so konstruiert, dass sie [&hellip;]<\/p>\n","protected":false},"author":1,"featured_media":0,"parent":3092,"menu_order":10,"comment_status":"closed","ping_status":"closed","template":"elementor_header_footer","meta":{"footnotes":""},"class_list":["post-3094","page","type-page","status-publish","hentry"],"yoast_head":"<!-- This site is optimized with the Yoast SEO plugin v27.5 - https:\/\/yoast.com\/product\/yoast-seo-wordpress\/ -->\n<title>Reibebl\u00e4tter f\u00fcr die St\u00e4rkeindustrie \u2013 F.A. Schmidt Remscheid<\/title>\n<meta name=\"description\" content=\"F.A. Schmidt \u2013 Weltmarktf\u00fchrer bei Reibebl\u00e4tter f\u00fcr die St\u00e4rkeindustrie. Pr\u00e4zision und Langlebigkeit mit ma\u00dfgeschneiderten L\u00f6sungen f\u00fcr alle g\u00e4ngigen Maschinen.\" \/>\n<meta name=\"robots\" content=\"index, follow, max-snippet:-1, max-image-preview:large, max-video-preview:-1\" \/>\n<link rel=\"canonical\" href=\"https:\/\/www.faschmidt.de\/de\/raibeblaetter-fuer-die-staerkeindustrie\/\" \/>\n<meta property=\"og:locale\" content=\"de_DE\" \/>\n<meta property=\"og:type\" content=\"article\" \/>\n<meta property=\"og:title\" content=\"Reibebl\u00e4tter f\u00fcr die St\u00e4rkeindustrie \u2013 F.A. Schmidt Remscheid\" \/>\n<meta property=\"og:description\" content=\"F.A. Schmidt \u2013 Weltmarktf\u00fchrer bei Reibebl\u00e4tter f\u00fcr die St\u00e4rkeindustrie. Pr\u00e4zision und Langlebigkeit mit ma\u00dfgeschneiderten L\u00f6sungen f\u00fcr alle g\u00e4ngigen Maschinen.\" \/>\n<meta property=\"og:url\" content=\"https:\/\/www.faschmidt.de\/de\/raibeblaetter-fuer-die-staerkeindustrie\/\" \/>\n<meta property=\"og:site_name\" content=\"F.A. Schmidt Gmbh &amp; Co. KG\" \/>\n<meta property=\"article:publisher\" content=\"https:\/\/www.facebook.com\/maschinenmesser\/?locale=de_DE\" \/>\n<meta property=\"article:modified_time\" content=\"2025-10-20T08:07:14+00:00\" \/>\n<meta property=\"og:image\" content=\"https:\/\/www.faschmidt.de\/wp-content\/uploads\/2025\/08\/Starch-industry_1810-768x512.jpg\" \/>\n<meta name=\"twitter:card\" content=\"summary_large_image\" \/>\n<meta name=\"twitter:label1\" content=\"Gesch\u00e4tzte Lesezeit\" \/>\n\t<meta name=\"twitter:data1\" content=\"1\u00a0Minute\" \/>\n<script type=\"application\/ld+json\" class=\"yoast-schema-graph\">{\"@context\":\"https:\\\/\\\/schema.org\",\"@graph\":[{\"@type\":\"WebPage\",\"@id\":\"https:\\\/\\\/www.faschmidt.de\\\/de\\\/raibeblaetter-fuer-die-staerkeindustrie\\\/\",\"url\":\"https:\\\/\\\/www.faschmidt.de\\\/de\\\/raibeblaetter-fuer-die-staerkeindustrie\\\/\",\"name\":\"Reibebl\u00e4tter f\u00fcr die St\u00e4rkeindustrie \u2013 F.A. Schmidt Remscheid\",\"isPartOf\":{\"@id\":\"https:\\\/\\\/www.faschmidt.de\\\/de\\\/#website\"},\"primaryImageOfPage\":{\"@id\":\"https:\\\/\\\/www.faschmidt.de\\\/de\\\/raibeblaetter-fuer-die-staerkeindustrie\\\/#primaryimage\"},\"image\":{\"@id\":\"https:\\\/\\\/www.faschmidt.de\\\/de\\\/raibeblaetter-fuer-die-staerkeindustrie\\\/#primaryimage\"},\"thumbnailUrl\":\"https:\\\/\\\/www.faschmidt.de\\\/wp-content\\\/uploads\\\/2025\\\/08\\\/Starch-industry_1810-768x512.jpg\",\"datePublished\":\"2025-06-23T11:06:47+00:00\",\"dateModified\":\"2025-10-20T08:07:14+00:00\",\"description\":\"F.A. Schmidt \u2013 Weltmarktf\u00fchrer bei Reibebl\u00e4tter f\u00fcr die St\u00e4rkeindustrie. Pr\u00e4zision und Langlebigkeit mit ma\u00dfgeschneiderten L\u00f6sungen f\u00fcr alle g\u00e4ngigen Maschinen.\",\"breadcrumb\":{\"@id\":\"https:\\\/\\\/www.faschmidt.de\\\/de\\\/raibeblaetter-fuer-die-staerkeindustrie\\\/#breadcrumb\"},\"inLanguage\":\"de\",\"potentialAction\":[{\"@type\":\"ReadAction\",\"target\":[\"https:\\\/\\\/www.faschmidt.de\\\/de\\\/raibeblaetter-fuer-die-staerkeindustrie\\\/\"]}]},{\"@type\":\"ImageObject\",\"inLanguage\":\"de\",\"@id\":\"https:\\\/\\\/www.faschmidt.de\\\/de\\\/raibeblaetter-fuer-die-staerkeindustrie\\\/#primaryimage\",\"url\":\"https:\\\/\\\/www.faschmidt.de\\\/wp-content\\\/uploads\\\/2025\\\/08\\\/Starch-industry_1810-768x512.jpg\",\"contentUrl\":\"https:\\\/\\\/www.faschmidt.de\\\/wp-content\\\/uploads\\\/2025\\\/08\\\/Starch-industry_1810-768x512.jpg\"},{\"@type\":\"BreadcrumbList\",\"@id\":\"https:\\\/\\\/www.faschmidt.de\\\/de\\\/raibeblaetter-fuer-die-staerkeindustrie\\\/#breadcrumb\",\"itemListElement\":[{\"@type\":\"ListItem\",\"position\":1,\"name\":\"Startseite\",\"item\":\"https:\\\/\\\/www.faschmidt.de\\\/de\\\/\"},{\"@type\":\"ListItem\",\"position\":2,\"name\":\"Produkte und Dienstleistungen\",\"item\":\"https:\\\/\\\/www.faschmidt.de\\\/de\\\/?page_id=3092\"},{\"@type\":\"ListItem\",\"position\":3,\"name\":\"Raibebl\u00e4tter f\u00fcr die St\u00e4rkeindustrie\"}]},{\"@type\":\"WebSite\",\"@id\":\"https:\\\/\\\/www.faschmidt.de\\\/de\\\/#website\",\"url\":\"https:\\\/\\\/www.faschmidt.de\\\/de\\\/\",\"name\":\"F.A. Schmidt Gmbh & Co. KG\",\"description\":\"S\u00e4gen- und Maschinenmesserfabrik Remscheid\",\"publisher\":{\"@id\":\"https:\\\/\\\/www.faschmidt.de\\\/de\\\/#organization\"},\"potentialAction\":[{\"@type\":\"SearchAction\",\"target\":{\"@type\":\"EntryPoint\",\"urlTemplate\":\"https:\\\/\\\/www.faschmidt.de\\\/de\\\/?s={search_term_string}\"},\"query-input\":{\"@type\":\"PropertyValueSpecification\",\"valueRequired\":true,\"valueName\":\"search_term_string\"}}],\"inLanguage\":\"de\"},{\"@type\":\"Organization\",\"@id\":\"https:\\\/\\\/www.faschmidt.de\\\/de\\\/#organization\",\"name\":\"F.A. Schmidt Gmbh & Co. KG\",\"url\":\"https:\\\/\\\/www.faschmidt.de\\\/de\\\/\",\"logo\":{\"@type\":\"ImageObject\",\"inLanguage\":\"de\",\"@id\":\"https:\\\/\\\/www.faschmidt.de\\\/de\\\/#\\\/schema\\\/logo\\\/image\\\/\",\"url\":\"https:\\\/\\\/www.faschmidt.de\\\/wp-content\\\/uploads\\\/2025\\\/07\\\/Logo-2025_1024.png\",\"contentUrl\":\"https:\\\/\\\/www.faschmidt.de\\\/wp-content\\\/uploads\\\/2025\\\/07\\\/Logo-2025_1024.png\",\"width\":1024,\"height\":390,\"caption\":\"F.A. Schmidt Gmbh & Co. KG\"},\"image\":{\"@id\":\"https:\\\/\\\/www.faschmidt.de\\\/de\\\/#\\\/schema\\\/logo\\\/image\\\/\"},\"sameAs\":[\"https:\\\/\\\/www.facebook.com\\\/maschinenmesser\\\/?locale=de_DE\",\"https:\\\/\\\/www.instagram.com\\\/faschmidt25\\\/\",\"https:\\\/\\\/de.linkedin.com\\\/company\\\/faschmidt\"]}]}<\/script>\n<!-- \/ Yoast SEO plugin. -->","yoast_head_json":{"title":"Reibebl\u00e4tter f\u00fcr die St\u00e4rkeindustrie \u2013 F.A. Schmidt Remscheid","description":"F.A. Schmidt \u2013 Weltmarktf\u00fchrer bei Reibebl\u00e4tter f\u00fcr die St\u00e4rkeindustrie. Pr\u00e4zision und Langlebigkeit mit ma\u00dfgeschneiderten L\u00f6sungen f\u00fcr alle g\u00e4ngigen Maschinen.","robots":{"index":"index","follow":"follow","max-snippet":"max-snippet:-1","max-image-preview":"max-image-preview:large","max-video-preview":"max-video-preview:-1"},"canonical":"https:\/\/www.faschmidt.de\/de\/raibeblaetter-fuer-die-staerkeindustrie\/","og_locale":"de_DE","og_type":"article","og_title":"Reibebl\u00e4tter f\u00fcr die St\u00e4rkeindustrie \u2013 F.A. Schmidt Remscheid","og_description":"F.A. Schmidt \u2013 Weltmarktf\u00fchrer bei Reibebl\u00e4tter f\u00fcr die St\u00e4rkeindustrie. Pr\u00e4zision und Langlebigkeit mit ma\u00dfgeschneiderten L\u00f6sungen f\u00fcr alle g\u00e4ngigen Maschinen.","og_url":"https:\/\/www.faschmidt.de\/de\/raibeblaetter-fuer-die-staerkeindustrie\/","og_site_name":"F.A. Schmidt Gmbh &amp; Co. KG","article_publisher":"https:\/\/www.facebook.com\/maschinenmesser\/?locale=de_DE","article_modified_time":"2025-10-20T08:07:14+00:00","og_image":[{"url":"https:\/\/www.faschmidt.de\/wp-content\/uploads\/2025\/08\/Starch-industry_1810-768x512.jpg","type":"","width":"","height":""}],"twitter_card":"summary_large_image","twitter_misc":{"Gesch\u00e4tzte Lesezeit":"1\u00a0Minute"},"schema":{"@context":"https:\/\/schema.org","@graph":[{"@type":"WebPage","@id":"https:\/\/www.faschmidt.de\/de\/raibeblaetter-fuer-die-staerkeindustrie\/","url":"https:\/\/www.faschmidt.de\/de\/raibeblaetter-fuer-die-staerkeindustrie\/","name":"Reibebl\u00e4tter f\u00fcr die St\u00e4rkeindustrie \u2013 F.A. Schmidt Remscheid","isPartOf":{"@id":"https:\/\/www.faschmidt.de\/de\/#website"},"primaryImageOfPage":{"@id":"https:\/\/www.faschmidt.de\/de\/raibeblaetter-fuer-die-staerkeindustrie\/#primaryimage"},"image":{"@id":"https:\/\/www.faschmidt.de\/de\/raibeblaetter-fuer-die-staerkeindustrie\/#primaryimage"},"thumbnailUrl":"https:\/\/www.faschmidt.de\/wp-content\/uploads\/2025\/08\/Starch-industry_1810-768x512.jpg","datePublished":"2025-06-23T11:06:47+00:00","dateModified":"2025-10-20T08:07:14+00:00","description":"F.A. Schmidt \u2013 Weltmarktf\u00fchrer bei Reibebl\u00e4tter f\u00fcr die St\u00e4rkeindustrie. Pr\u00e4zision und Langlebigkeit mit ma\u00dfgeschneiderten L\u00f6sungen f\u00fcr alle g\u00e4ngigen Maschinen.","breadcrumb":{"@id":"https:\/\/www.faschmidt.de\/de\/raibeblaetter-fuer-die-staerkeindustrie\/#breadcrumb"},"inLanguage":"de","potentialAction":[{"@type":"ReadAction","target":["https:\/\/www.faschmidt.de\/de\/raibeblaetter-fuer-die-staerkeindustrie\/"]}]},{"@type":"ImageObject","inLanguage":"de","@id":"https:\/\/www.faschmidt.de\/de\/raibeblaetter-fuer-die-staerkeindustrie\/#primaryimage","url":"https:\/\/www.faschmidt.de\/wp-content\/uploads\/2025\/08\/Starch-industry_1810-768x512.jpg","contentUrl":"https:\/\/www.faschmidt.de\/wp-content\/uploads\/2025\/08\/Starch-industry_1810-768x512.jpg"},{"@type":"BreadcrumbList","@id":"https:\/\/www.faschmidt.de\/de\/raibeblaetter-fuer-die-staerkeindustrie\/#breadcrumb","itemListElement":[{"@type":"ListItem","position":1,"name":"Startseite","item":"https:\/\/www.faschmidt.de\/de\/"},{"@type":"ListItem","position":2,"name":"Produkte und Dienstleistungen","item":"https:\/\/www.faschmidt.de\/de\/?page_id=3092"},{"@type":"ListItem","position":3,"name":"Raibebl\u00e4tter f\u00fcr die St\u00e4rkeindustrie"}]},{"@type":"WebSite","@id":"https:\/\/www.faschmidt.de\/de\/#website","url":"https:\/\/www.faschmidt.de\/de\/","name":"F.A. Schmidt Gmbh & Co. KG","description":"S\u00e4gen- und Maschinenmesserfabrik Remscheid","publisher":{"@id":"https:\/\/www.faschmidt.de\/de\/#organization"},"potentialAction":[{"@type":"SearchAction","target":{"@type":"EntryPoint","urlTemplate":"https:\/\/www.faschmidt.de\/de\/?s={search_term_string}"},"query-input":{"@type":"PropertyValueSpecification","valueRequired":true,"valueName":"search_term_string"}}],"inLanguage":"de"},{"@type":"Organization","@id":"https:\/\/www.faschmidt.de\/de\/#organization","name":"F.A. Schmidt Gmbh & Co. KG","url":"https:\/\/www.faschmidt.de\/de\/","logo":{"@type":"ImageObject","inLanguage":"de","@id":"https:\/\/www.faschmidt.de\/de\/#\/schema\/logo\/image\/","url":"https:\/\/www.faschmidt.de\/wp-content\/uploads\/2025\/07\/Logo-2025_1024.png","contentUrl":"https:\/\/www.faschmidt.de\/wp-content\/uploads\/2025\/07\/Logo-2025_1024.png","width":1024,"height":390,"caption":"F.A. Schmidt Gmbh & Co. KG"},"image":{"@id":"https:\/\/www.faschmidt.de\/de\/#\/schema\/logo\/image\/"},"sameAs":["https:\/\/www.facebook.com\/maschinenmesser\/?locale=de_DE","https:\/\/www.instagram.com\/faschmidt25\/","https:\/\/de.linkedin.com\/company\/faschmidt"]}]}},"_links":{"self":[{"href":"https:\/\/www.faschmidt.de\/de\/wp-json\/wp\/v2\/pages\/3094","targetHints":{"allow":["GET"]}}],"collection":[{"href":"https:\/\/www.faschmidt.de\/de\/wp-json\/wp\/v2\/pages"}],"about":[{"href":"https:\/\/www.faschmidt.de\/de\/wp-json\/wp\/v2\/types\/page"}],"author":[{"embeddable":true,"href":"https:\/\/www.faschmidt.de\/de\/wp-json\/wp\/v2\/users\/1"}],"replies":[{"embeddable":true,"href":"https:\/\/www.faschmidt.de\/de\/wp-json\/wp\/v2\/comments?post=3094"}],"version-history":[{"count":2,"href":"https:\/\/www.faschmidt.de\/de\/wp-json\/wp\/v2\/pages\/3094\/revisions"}],"predecessor-version":[{"id":3131,"href":"https:\/\/www.faschmidt.de\/de\/wp-json\/wp\/v2\/pages\/3094\/revisions\/3131"}],"up":[{"embeddable":true,"href":"https:\/\/www.faschmidt.de\/de\/wp-json\/wp\/v2\/pages\/3092"}],"wp:attachment":[{"href":"https:\/\/www.faschmidt.de\/de\/wp-json\/wp\/v2\/media?parent=3094"}],"curies":[{"name":"wp","href":"https:\/\/api.w.org\/{rel}","templated":true}]}}